{"id":2528,"date":"2025-04-12T18:13:47","date_gmt":"2025-04-12T18:13:47","guid":{"rendered":"https:\/\/heilung-der-seele.com\/?page_id=2528"},"modified":"2025-04-12T18:16:38","modified_gmt":"2025-04-12T18:16:38","slug":"spenden","status":"publish","type":"page","link":"https:\/\/heilung-der-seele.com\/es\/spenden\/","title":{"rendered":"Donativo"},"content":{"rendered":"<div class=\"wp-block-uagb-container uagb-block-24420266 alignfull uagb-is-root-container\"><div class=\"uagb-container-inner-blocks-wrap\">\n<p class=\"has-black-color has-text-color has-link-color has-medium-font-size wp-elements-0c8c15615e64e42435fccda7761afaa3\"><strong>Campa\u00f1a de donativos: juntos por \u00abHeilung der Seele\u00bb<\/strong><\/p>\n\n\n\n<div class=\"wp-block-uagb-container uagb-block-f2efe9f9\"><\/div>\n<\/div><\/div>\n\n\n\n<div class=\"wp-block-uagb-container uagb-block-9e7c0dfe alignfull uagb-is-root-container\"><div class=\"uagb-container-inner-blocks-wrap\">\n<p>En un mundo marcado por cambios externos, inquietud interior y una creciente soledad espiritual, muchas personas sienten cada vez m\u00e1s la necesidad de recibir una ayuda aut\u00e9ntica y profunda, una ayuda que no solo llegue al cuerpo, sino sobre todo al alma.<\/p>\n\n\n\n<p>Por eso, nos complace informarle sobre un proyecto que nos apasiona: \u00abSomos el grupo \u00abCuraci\u00f3n del alma\u00bb, un c\u00edrculo de personas dedicadas al desarrollo espiritual, la curaci\u00f3n del alma y la difusi\u00f3n de las ense\u00f1anzas esp\u00edrita. Nuestro trabajo se basa en las ense\u00f1anzas del maestro e investigador franc\u00e9s Allan Kardec, fundador del espiritismo moderno. En su obra se unen la ciencia, la filosof\u00eda y la espiritualidad para transmitir una nueva visi\u00f3n de la existencia humana, la inmortalidad del alma y la realidad del mundo espiritual.<\/p>\n\n\n\n<p class=\"has-black-color has-text-color has-link-color wp-elements-c94735fff02595364c53957364a945b4\">Nuestro objetivo es hacer accesible este valioso conocimiento, como ayuda para el autoconocimiento, la sanaci\u00f3n y la transformaci\u00f3n interior.<\/p>\n\n\n\n<p class=\"has-black-color has-text-color has-link-color wp-elements-7007eaf94ad0210c8cfc9871f6d66f0b\">Nuestra visi\u00f3n: fundar el primer centro esp\u00edrita en Alemania, un lugar donde la curaci\u00f3n espiritual, la gu\u00eda espiritual y el acompa\u00f1amiento amoroso sean el centro de atenci\u00f3n. Nuestro objetivo es crear un lugar donde las personas que se encuentran en situaciones dif\u00edciles puedan encontrar apoyo espiritual y curaci\u00f3n.<\/p>\n\n\n\n<p class=\"has-black-color has-text-color has-link-color wp-elements-78bdba9e50ac9d0688db98783b3aee75\">En nuestro centro queremos crear un espacio para:<\/p>\n\n\n\n<ul class=\"wp-block-list\">\n<li class=\"has-black-color has-text-color has-link-color wp-elements-e3366b9be31b42c87e06d613b080ffab\">Tratamientos espirituales curativos (curaci\u00f3n de enfermedades aparentemente ps\u00edquicas y f\u00edsicas)<\/li>\n\n\n\n<li class=\"has-black-color has-text-color has-link-color wp-elements-6246722cd89faa35a9eb7306234c1aa9\">Conversaciones personales con acompa\u00f1amiento medi\u00famnico<\/li>\n\n\n\n<li class=\"has-black-color has-text-color has-link-color wp-elements-cc26bf541b1a69b440dc28c48ac360f0\">Cursos sobre la ense\u00f1anza Esp\u00edrita<\/li>\n\n\n\n<li class=\"has-black-color has-text-color has-link-color wp-elements-d995306ab71c1d47d0d19949736b5fe2\">Apoyo en el desarrollo y ejercicio de la mediumnidad<\/li>\n\n\n\n<li class=\"has-black-color has-text-color has-link-color wp-elements-d161dc5b728f237f5c15790f730a05c2\">Ayuda y explicaci\u00f3n racional de fen\u00f3menos considerados sobrenaturales o m\u00edsticos<\/li>\n<\/ul>\n\n\n\n<p class=\"has-black-color has-text-color has-link-color wp-elements-1ed97d21540ca0004854445e6a074b3c\"><strong>Nuestra misi\u00f3n:<\/strong><\/p>\n\n\n\n<p class=\"has-black-color has-text-color has-link-color wp-elements-59f950daea91e1d4687e028e65d9cf46\">Nuestra misi\u00f3n como espiritistas y m\u00e9diums es ayudar a las personas en su camino hacia la paz interior y el desarrollo espiritual. Creemos en la conexi\u00f3n entre el cuerpo, la mente y el alma, y en que la verdadera sanaci\u00f3n surge de una perspectiva hol\u00edstica. A trav\u00e9s de nuestro trabajo como m\u00e9diums, abrimos canales para entrar en contacto con los planos sutiles. Para ello, utilizamos nuestras habilidades espirituales para ofrecer claridad, comprensi\u00f3n y orientaci\u00f3n. Nuestro objetivo es obtener una visi\u00f3n m\u00e1s profunda del sufrimiento emocional y energ\u00e9tico de las personas para crear un espacio de transformaci\u00f3n y sanaci\u00f3n. Queremos animar a las personas a descubrir su propia sabidur\u00eda interior y a desarrollar sus habilidades espirituales. Ofrecemos apoyo para dejar atr\u00e1s viejos patrones e iniciar procesos de sanaci\u00f3n. Nuestro trabajo es un regalo para la comunidad y nos vemos como un puente entre los mundos espiritual y f\u00edsico. Juntos nos esforzamos por llevar luz y amor a la vida de las personas y por lograr un cambio positivo en el mundo. El objetivo principal de nuestra \u00e1rea de apoyo espiritual es asesorar y ayudar a las personas, y proporcionarles una mejor comprensi\u00f3n de los problemas de su vida a la luz del espiritismo.<\/p>\n\n\n\n<p class=\"has-black-color has-text-color has-link-color wp-elements-f765ef01f82a270edba202caf6b8ab51\"><strong>Nuestros principios b\u00e1sicos<\/strong><\/p>\n\n\n\n<p class=\"has-black-color has-text-color has-link-color wp-elements-39496a654cc8d911ab6cd9f1c9cd3897\"><strong>1)<\/strong> La existencia de Dios, que es el Creador, la causa primera de todas las cosas. La Inteligencia Suprema.<\/p>\n\n\n\n<p class=\"has-black-color has-text-color has-link-color wp-elements-2381f648520bbee5bac7f1b193e88e97\"><strong>2)<\/strong> La inmortalidad del alma o del esp\u00edritu. Los esp\u00edritus son los seres inteligentes del universo, creados por Dios para desarrollarse incesantemente hasta alcanzar la perfecci\u00f3n y la felicidad absoluta. Como esp\u00edritus, exist\u00edamos antes del nacimiento y seguiremos existiendo despu\u00e9s de la muerte del cuerpo.<\/p>\n\n\n\n<p class=\"has-black-color has-text-color has-link-color wp-elements-5decab42041e57e30f2e0edb665efa81\"><strong>3)<\/strong> La reencarnaci\u00f3n.\u2028Creados de forma sencilla y sin ning\u00fan conocimiento, los esp\u00edritus avanzan colectivamente a trav\u00e9s de experiencias que dan lugar a m\u00faltiples conocimientos. El progreso del esp\u00edritu se lleva a cabo ya sea en el \u00e1mbito intelectual o en el moral. Dios, en su sabidur\u00eda, nos concede el olvido del pasado en cada reencarnaci\u00f3n, para que esta sea realmente una oportunidad de empezar de nuevo, sobre todo para corregir errores y recomponer desacuerdos, a fin de que nos identifiquemos cada vez m\u00e1s con las Leyes Divinas, que son las leyes del amor.<\/p>\n\n\n\n<p class=\"has-black-color has-text-color has-link-color wp-elements-3e52b264076f3d214173f6c0e8def711\"><strong>4) <\/strong>La capacidad de comunicaci\u00f3n de los esp\u00edritus.\u2028Los esp\u00edritus no son m\u00e1s que las almas de personas fallecidas que conservan sus caracter\u00edsticas, cualidades y defectos individuales. A trav\u00e9s de los m\u00e9diums, los esp\u00edritus pueden comunicarse con los humanos si as\u00ed lo desean y se les permite.<\/p>\n\n\n\n<p class=\"has-black-color has-text-color has-link-color wp-elements-99cdaf89ec41e81c4397ccdada29fd69\"><strong>5)<\/strong> La pluralidad de los mundos habitados. Los diversos mundos dispersos por el espacio infinito constituyen las innumerables moradas de los esp\u00edritus que se encarnan. Las condiciones de estos mundos difieren seg\u00fan el grado de progreso o inferioridad de sus habitantes. La doctrina espiritista demuestra de manera convincente la existencia de los esp\u00edritus, presentando pruebas irrefutables y bas\u00e1ndose en hechos, que el esp\u00edritu, en el curso de su evoluci\u00f3n, pasa por sucesivas experiencias, en diferentes cuerpos y en diferentes per\u00edodos de tiempo.<\/p>\n\n\n\n<p class=\"has-black-color has-text-color has-link-color wp-elements-fabfb46b1b45c708616638421ba05c93\">La realizaci\u00f3n de un proyecto de este tipo no solo requiere idealismo, dedicaci\u00f3n y vocaci\u00f3n espiritual, sino tambi\u00e9n medios materiales.<\/p>\n\n\n\n<p class=\"has-black-color has-text-color has-link-color wp-elements-ae3dc39a2e5e60efdda1f7893951a38b\">Estamos buscando un local adecuado, recopilando los primeros materiales did\u00e1cticos y sentando las bases legales y organizativas. Sin embargo, para poder abrir este lugar de sanaci\u00f3n espiritual y formaci\u00f3n, necesitamos su ayuda. Ya sea con una donaci\u00f3n \u00fanica, una contribuci\u00f3n mensual o difundiendo nuestro mensaje, cada gesto cuenta.<\/p>\n\n\n\n<p>Lo que consigue con su donaci\u00f3n:<\/p>\n\n\n\n<ul class=\"wp-block-list\">\n<li class=\"has-black-color has-text-color has-link-color wp-elements-d106101bf19a40d4187830f519361d7f\">Ayudan a crear un espacio de sanaci\u00f3n y esperanza.<\/li>\n\n\n\n<li class=\"has-black-color has-text-color has-link-color wp-elements-ae33f96695fc08edf9f100885b0a793e\">Apoyaron la difusi\u00f3n de una doctrina que da fuerza, comprensi\u00f3n y un sentido m\u00e1s profundo a las personas.<\/li>\n\n\n\n<li class=\"has-black-color has-text-color has-link-color wp-elements-df54f37ce8ab138aa41b2d3e8da07ef2\">Contribuyen a que la ayuda espiritual sea accesible para todos, independientemente de su origen, religi\u00f3n o estatus social.<\/li>\n<\/ul>\n\n\n\n<p class=\"has-black-color has-text-color has-link-color wp-elements-3e01208107b7ab32a44fd541707fe7ba\"><strong>Juntos por un futuro m\u00e1s luminoso<\/strong><\/p>\n\n\n\n<p class=\"has-black-color has-text-color has-link-color wp-elements-1cb495974b30ae59082507c3110d5dd9\">Nuestra visi\u00f3n es grande, pero est\u00e1 sustentada por el amor, la confianza y el profundo deseo de llevar el mundo espiritual a la vida de muchas personas.<br>Wir laden Sie von Herzen ein, Teil dieser Vision zu werden.<\/p>\n\n\n\n<p class=\"has-black-color has-text-color has-link-color wp-elements-cc3ea16bd2b78021069af8aed1697c60\">Con luz, amor y gratitud\u2028<\/p>\n\n\n\n<p>&#8222;<strong>Heilung der Seele<\/strong>&#8222;<\/p>\n<\/div><\/div>\n\n\n\n<div class=\"wp-block-uagb-container uagb-block-c1e72f97 alignfull uagb-is-root-container\"><div class=\"uagb-container-inner-blocks-wrap\"><\/div><\/div>\n\n\n\n<div class=\"wp-block-uagb-container uagb-block-414bad74 alignfull uagb-is-root-container\"><div class=\"uagb-container-inner-blocks-wrap\"><\/div><\/div>\n\n\n\n<div class=\"wp-block-uagb-container uagb-block-486389da alignfull uagb-is-root-container\"><div class=\"uagb-container-inner-blocks-wrap\">\n<figure class=\"wp-block-image size-full\"><img loading=\"lazy\" decoding=\"async\" width=\"712\" height=\"217\" src=\"https:\/\/heilung-der-seele.com\/wp-content\/uploads\/2025\/06\/Spenden-via-Paypal-syaimi@yahoo.es-Verwendungszweck-Heilung-der-Seele.png\" alt=\"\" class=\"wp-image-2529\" srcset=\"https:\/\/heilung-der-seele.com\/wp-content\/uploads\/2025\/06\/Spenden-via-Paypal-syaimi@yahoo.es-Verwendungszweck-Heilung-der-Seele.png 712w, https:\/\/heilung-der-seele.com\/wp-content\/uploads\/2025\/06\/Spenden-via-Paypal-syaimi@yahoo.es-Verwendungszweck-Heilung-der-Seele-300x91.png 300w, https:\/\/heilung-der-seele.com\/wp-content\/uploads\/2025\/06\/Spenden-via-Paypal-syaimi@yahoo.es-Verwendungszweck-Heilung-der-Seele-18x5.png 18w\" sizes=\"auto, (max-width: 712px) 100vw, 712px\" \/><\/figure>\n<\/div><\/div>\n\n\n\n<div class=\"wp-block-uagb-container uagb-block-8660b62a alignfull uagb-is-root-container\"><div class=\"uagb-container-inner-blocks-wrap\"><\/div><\/div>\n\n\n\n<div class=\"wp-block-uagb-container uagb-block-c07c239d alignfull uagb-is-root-container\"><div class=\"uagb-container-inner-blocks-wrap\"><\/div><\/div>","protected":false},"excerpt":{"rendered":"<p>Spendenaufruf &#8211; Gemeinsam f\u00fcr &#8222;Heilung der Seele&#8220; In einer Welt, die von \u00e4u\u00dferen Umbr\u00fcchen, innerer Unruhe und wachsender seelischer Einsamkeit gepr\u00e4gt ist, w\u00e4chst bei vielen Menschen das Bed\u00fcrfnis nach echter, tiefgreifender Hilfe \u2013 Hilfe, die nicht nur den K\u00f6rper, sondern vor allem die Seele ber\u00fchrt. Daher freuen wir uns, Ihnen von einem Herzensprojekt zu berichten, [&hellip;]<\/p>","protected":false},"author":1,"featured_media":0,"parent":0,"menu_order":0,"comment_status":"closed","ping_status":"closed","template":"","meta":{"_uag_custom_page_level_css":"","site-sidebar-layout":"default","site-content-layout":"","ast-site-content-layout":"default","site-content-style":"default","site-sidebar-style":"default","ast-global-header-display":"","ast-banner-title-visibility":"","ast-main-header-display":"","ast-hfb-above-header-display":"","ast-hfb-below-header-display":"","ast-hfb-mobile-header-display":"","site-post-title":"disabled","ast-breadcrumbs-content":"","ast-featured-img":"","footer-sml-layout":"","theme-transparent-header-meta":"","adv-header-id-meta":"","stick-header-meta":"","header-above-stick-meta":"","header-main-stick-meta":"","header-below-stick-meta":"","astra-migrate-meta-layouts":"set","ast-page-background-enabled":"default","ast-page-background-meta":{"desktop":{"background-color":"var(--ast-global-color-4)","background-image":"","background-repeat":"repeat","background-position":"center center","background-size":"auto","background-attachment":"scroll","background-type":"","background-media":"","overlay-type":"","overlay-color":"","overlay-opacity":"","overlay-gradient":""},"tablet":{"background-color":"","background-image":"","background-repeat":"repeat","background-position":"center center","background-size":"auto","background-attachment":"scroll","background-type":"","background-media":"","overlay-type":"","overlay-color":"","overlay-opacity":"","overlay-gradient":""},"mobile":{"background-color":"","background-image":"","background-repeat":"repeat","background-position":"center center","background-size":"auto","background-attachment":"scroll","background-type":"","background-media":"","overlay-type":"","overlay-color":"","overlay-opacity":"","overlay-gradient":""}},"ast-content-background-meta":{"desktop":{"background-color":"var(--ast-global-color-5)","background-image":"","background-repeat":"repeat","background-position":"center center","background-size":"auto","background-attachment":"scroll","background-type":"","background-media":"","overlay-type":"","overlay-color":"","overlay-opacity":"","overlay-gradient":""},"tablet":{"background-color":"var(--ast-global-color-5)","background-image":"","background-repeat":"repeat","background-position":"center center","background-size":"auto","background-attachment":"scroll","background-type":"","background-media":"","overlay-type":"","overlay-color":"","overlay-opacity":"","overlay-gradient":""},"mobile":{"background-color":"var(--ast-global-color-5)","background-image":"","background-repeat":"repeat","background-position":"center center","background-size":"auto","background-attachment":"scroll","background-type":"","background-media":"","overlay-type":"","overlay-color":"","overlay-opacity":"","overlay-gradient":""}},"footnotes":""},"class_list":["post-2528","page","type-page","status-publish","hentry"],"yoast_head":"<!-- This site is optimized with the Yoast SEO Premium plugin v24.0 (Yoast SEO v24.0) - https:\/\/yoast.com\/wordpress\/plugins\/seo\/ -->\n<title>Spenden - Heilung der Seele<\/title>\n<meta name=\"robots\" content=\"index, follow, max-snippet:-1, max-image-preview:large, max-video-preview:-1\" \/>\n<link rel=\"canonical\" href=\"https:\/\/heilung-der-seele.com\/es\/spenden\/\" \/>\n<meta property=\"og:locale\" content=\"es_ES\" \/>\n<meta property=\"og:type\" content=\"article\" \/>\n<meta property=\"og:title\" content=\"Spenden\" \/>\n<meta property=\"og:description\" content=\"Spendenaufruf &#8211; Gemeinsam f\u00fcr &#8222;Heilung der Seele&#8220; In einer Welt, die von \u00e4u\u00dferen Umbr\u00fcchen, innerer Unruhe und wachsender seelischer Einsamkeit gepr\u00e4gt ist, w\u00e4chst bei vielen Menschen das Bed\u00fcrfnis nach echter, tiefgreifender Hilfe \u2013 Hilfe, die nicht nur den K\u00f6rper, sondern vor allem die Seele ber\u00fchrt. Daher freuen wir uns, Ihnen von einem Herzensprojekt zu berichten, [&hellip;]\" \/>\n<meta property=\"og:url\" content=\"https:\/\/heilung-der-seele.com\/es\/spenden\/\" \/>\n<meta property=\"og:site_name\" content=\"Heilung der Seele\" \/>\n<meta property=\"article:publisher\" content=\"https:\/\/www.facebook.com\/share\/g\/yAkbgrQRiPpBZyxo\/?mibextid=K35XfP\" \/>\n<meta property=\"article:modified_time\" content=\"2025-04-12T18:16:38+00:00\" \/>\n<meta property=\"og:image\" content=\"https:\/\/heilung-der-seele.com\/wp-content\/uploads\/2025\/04\/Spenden-via-Paypal.png\" \/>\n\t<meta property=\"og:image:width\" content=\"712\" \/>\n\t<meta property=\"og:image:height\" content=\"217\" \/>\n\t<meta property=\"og:image:type\" content=\"image\/png\" \/>\n<meta name=\"twitter:card\" content=\"summary_large_image\" \/>\n<meta name=\"twitter:label1\" content=\"Tiempo de lectura\" \/>\n\t<meta name=\"twitter:data1\" content=\"6 minutos\" \/>\n<script type=\"application\/ld+json\" class=\"yoast-schema-graph\">{\"@context\":\"https:\/\/schema.org\",\"@graph\":[{\"@type\":\"WebPage\",\"@id\":\"https:\/\/heilung-der-seele.com\/spenden\/\",\"url\":\"https:\/\/heilung-der-seele.com\/spenden\/\",\"name\":\"Spenden - Heilung der Seele\",\"isPartOf\":{\"@id\":\"https:\/\/heilung-der-seele.com\/#website\"},\"primaryImageOfPage\":{\"@id\":\"https:\/\/heilung-der-seele.com\/spenden\/#primaryimage\"},\"image\":{\"@id\":\"https:\/\/heilung-der-seele.com\/spenden\/#primaryimage\"},\"thumbnailUrl\":\"https:\/\/heilung-der-seele.com\/wp-content\/uploads\/2025\/04\/Spenden-via-Paypal.png\",\"datePublished\":\"2025-04-12T18:13:47+00:00\",\"dateModified\":\"2025-04-12T18:16:38+00:00\",\"breadcrumb\":{\"@id\":\"https:\/\/heilung-der-seele.com\/spenden\/#breadcrumb\"},\"inLanguage\":\"es\",\"potentialAction\":[{\"@type\":\"ReadAction\",\"target\":[\"https:\/\/heilung-der-seele.com\/spenden\/\"]}]},{\"@type\":\"ImageObject\",\"inLanguage\":\"es\",\"@id\":\"https:\/\/heilung-der-seele.com\/spenden\/#primaryimage\",\"url\":\"https:\/\/heilung-der-seele.com\/wp-content\/uploads\/2025\/04\/Spenden-via-Paypal.png\",\"contentUrl\":\"https:\/\/heilung-der-seele.com\/wp-content\/uploads\/2025\/04\/Spenden-via-Paypal.png\"},{\"@type\":\"BreadcrumbList\",\"@id\":\"https:\/\/heilung-der-seele.com\/spenden\/#breadcrumb\",\"itemListElement\":[{\"@type\":\"ListItem\",\"position\":1,\"name\":\"Startseite\",\"item\":\"https:\/\/heilung-der-seele.com\/\"},{\"@type\":\"ListItem\",\"position\":2,\"name\":\"Spenden\"}]},{\"@type\":\"WebSite\",\"@id\":\"https:\/\/heilung-der-seele.com\/#website\",\"url\":\"https:\/\/heilung-der-seele.com\/\",\"name\":\"Heilung der Seele\",\"description\":\"\",\"publisher\":{\"@id\":\"https:\/\/heilung-der-seele.com\/#organization\"},\"potentialAction\":[{\"@type\":\"SearchAction\",\"target\":{\"@type\":\"EntryPoint\",\"urlTemplate\":\"https:\/\/heilung-der-seele.com\/?s={search_term_string}\"},\"query-input\":{\"@type\":\"PropertyValueSpecification\",\"valueRequired\":true,\"valueName\":\"search_term_string\"}}],\"inLanguage\":\"es\"},{\"@type\":\"Organization\",\"@id\":\"https:\/\/heilung-der-seele.com\/#organization\",\"name\":\"Heilung der Seele\",\"url\":\"https:\/\/heilung-der-seele.com\/\",\"logo\":{\"@type\":\"ImageObject\",\"inLanguage\":\"es\",\"@id\":\"https:\/\/heilung-der-seele.com\/#\/schema\/logo\/image\/\",\"url\":\"https:\/\/heilung-der-seele.com\/wp-content\/uploads\/2024\/09\/LOGO.png\",\"contentUrl\":\"https:\/\/heilung-der-seele.com\/wp-content\/uploads\/2024\/09\/LOGO.png\",\"width\":1563,\"height\":1563,\"caption\":\"Heilung der Seele\"},\"image\":{\"@id\":\"https:\/\/heilung-der-seele.com\/#\/schema\/logo\/image\/\"},\"sameAs\":[\"https:\/\/www.facebook.com\/share\/g\/yAkbgrQRiPpBZyxo\/?mibextid=K35XfP\"]}]}<\/script>\n<!-- \/ Yoast SEO Premium plugin. -->","yoast_head_json":{"title":"Spenden - Heilung der Seele","robots":{"index":"index","follow":"follow","max-snippet":"max-snippet:-1","max-image-preview":"max-image-preview:large","max-video-preview":"max-video-preview:-1"},"canonical":"https:\/\/heilung-der-seele.com\/es\/spenden\/","og_locale":"es_ES","og_type":"article","og_title":"Spenden","og_description":"Spendenaufruf &#8211; Gemeinsam f\u00fcr &#8222;Heilung der Seele&#8220; In einer Welt, die von \u00e4u\u00dferen Umbr\u00fcchen, innerer Unruhe und wachsender seelischer Einsamkeit gepr\u00e4gt ist, w\u00e4chst bei vielen Menschen das Bed\u00fcrfnis nach echter, tiefgreifender Hilfe \u2013 Hilfe, die nicht nur den K\u00f6rper, sondern vor allem die Seele ber\u00fchrt. Daher freuen wir uns, Ihnen von einem Herzensprojekt zu berichten, [&hellip;]","og_url":"https:\/\/heilung-der-seele.com\/es\/spenden\/","og_site_name":"Heilung der Seele","article_publisher":"https:\/\/www.facebook.com\/share\/g\/yAkbgrQRiPpBZyxo\/?mibextid=K35XfP","article_modified_time":"2025-04-12T18:16:38+00:00","og_image":[{"width":712,"height":217,"url":"https:\/\/heilung-der-seele.com\/wp-content\/uploads\/2025\/04\/Spenden-via-Paypal.png","type":"image\/png"}],"twitter_card":"summary_large_image","twitter_misc":{"Tiempo de lectura":"6 minutos"},"schema":{"@context":"https:\/\/schema.org","@graph":[{"@type":"WebPage","@id":"https:\/\/heilung-der-seele.com\/spenden\/","url":"https:\/\/heilung-der-seele.com\/spenden\/","name":"Spenden - Heilung der Seele","isPartOf":{"@id":"https:\/\/heilung-der-seele.com\/#website"},"primaryImageOfPage":{"@id":"https:\/\/heilung-der-seele.com\/spenden\/#primaryimage"},"image":{"@id":"https:\/\/heilung-der-seele.com\/spenden\/#primaryimage"},"thumbnailUrl":"https:\/\/heilung-der-seele.com\/wp-content\/uploads\/2025\/04\/Spenden-via-Paypal.png","datePublished":"2025-04-12T18:13:47+00:00","dateModified":"2025-04-12T18:16:38+00:00","breadcrumb":{"@id":"https:\/\/heilung-der-seele.com\/spenden\/#breadcrumb"},"inLanguage":"es","potentialAction":[{"@type":"ReadAction","target":["https:\/\/heilung-der-seele.com\/spenden\/"]}]},{"@type":"ImageObject","inLanguage":"es","@id":"https:\/\/heilung-der-seele.com\/spenden\/#primaryimage","url":"https:\/\/heilung-der-seele.com\/wp-content\/uploads\/2025\/04\/Spenden-via-Paypal.png","contentUrl":"https:\/\/heilung-der-seele.com\/wp-content\/uploads\/2025\/04\/Spenden-via-Paypal.png"},{"@type":"BreadcrumbList","@id":"https:\/\/heilung-der-seele.com\/spenden\/#breadcrumb","itemListElement":[{"@type":"ListItem","position":1,"name":"Startseite","item":"https:\/\/heilung-der-seele.com\/"},{"@type":"ListItem","position":2,"name":"Spenden"}]},{"@type":"WebSite","@id":"https:\/\/heilung-der-seele.com\/#website","url":"https:\/\/heilung-der-seele.com\/","name":"Heilung der Seele","description":"","publisher":{"@id":"https:\/\/heilung-der-seele.com\/#organization"},"potentialAction":[{"@type":"SearchAction","target":{"@type":"EntryPoint","urlTemplate":"https:\/\/heilung-der-seele.com\/?s={search_term_string}"},"query-input":{"@type":"PropertyValueSpecification","valueRequired":true,"valueName":"search_term_string"}}],"inLanguage":"es"},{"@type":"Organization","@id":"https:\/\/heilung-der-seele.com\/#organization","name":"Heilung der Seele","url":"https:\/\/heilung-der-seele.com\/","logo":{"@type":"ImageObject","inLanguage":"es","@id":"https:\/\/heilung-der-seele.com\/#\/schema\/logo\/image\/","url":"https:\/\/heilung-der-seele.com\/wp-content\/uploads\/2024\/09\/LOGO.png","contentUrl":"https:\/\/heilung-der-seele.com\/wp-content\/uploads\/2024\/09\/LOGO.png","width":1563,"height":1563,"caption":"Heilung der Seele"},"image":{"@id":"https:\/\/heilung-der-seele.com\/#\/schema\/logo\/image\/"},"sameAs":["https:\/\/www.facebook.com\/share\/g\/yAkbgrQRiPpBZyxo\/?mibextid=K35XfP"]}]}},"jetpack_sharing_enabled":true,"uagb_featured_image_src":{"full":false,"thumbnail":false,"medium":false,"medium_large":false,"large":false,"1536x1536":false,"2048x2048":false,"trp-custom-language-flag":false},"uagb_author_info":{"display_name":"fljwi","author_link":"https:\/\/heilung-der-seele.com\/es\/author\/fljwi\/"},"uagb_comment_info":0,"uagb_excerpt":"Spendenaufruf &#8211; Gemeinsam f\u00fcr &#8222;Heilung der Seele&#8220; In einer Welt, die von \u00e4u\u00dferen Umbr\u00fcchen, innerer Unruhe und wachsender seelischer Einsamkeit gepr\u00e4gt ist, w\u00e4chst bei vielen Menschen das Bed\u00fcrfnis nach echter, tiefgreifender Hilfe \u2013 Hilfe, die nicht nur den K\u00f6rper, sondern vor allem die Seele ber\u00fchrt. Daher freuen wir uns, Ihnen von einem Herzensprojekt zu berichten,&hellip;","_links":{"self":[{"href":"https:\/\/heilung-der-seele.com\/es\/wp-json\/wp\/v2\/pages\/2528","targetHints":{"allow":["GET"]}}],"collection":[{"href":"https:\/\/heilung-der-seele.com\/es\/wp-json\/wp\/v2\/pages"}],"about":[{"href":"https:\/\/heilung-der-seele.com\/es\/wp-json\/wp\/v2\/types\/page"}],"author":[{"embeddable":true,"href":"https:\/\/heilung-der-seele.com\/es\/wp-json\/wp\/v2\/users\/1"}],"replies":[{"embeddable":true,"href":"https:\/\/heilung-der-seele.com\/es\/wp-json\/wp\/v2\/comments?post=2528"}],"version-history":[{"count":2,"href":"https:\/\/heilung-der-seele.com\/es\/wp-json\/wp\/v2\/pages\/2528\/revisions"}],"predecessor-version":[{"id":2532,"href":"https:\/\/heilung-der-seele.com\/es\/wp-json\/wp\/v2\/pages\/2528\/revisions\/2532"}],"wp:attachment":[{"href":"https:\/\/heilung-der-seele.com\/es\/wp-json\/wp\/v2\/media?parent=2528"}],"curies":[{"name":"wp","href":"https:\/\/api.w.org\/{rel}","templated":true}]}}