{"id":2291,"date":"2024-09-29T11:46:19","date_gmt":"2024-09-29T11:46:19","guid":{"rendered":"http:\/\/heilung-der-seele.com\/?page_id=2291"},"modified":"2024-12-30T12:58:24","modified_gmt":"2024-12-30T12:58:24","slug":"krankheit-heilen","status":"publish","type":"page","link":"https:\/\/heilung-der-seele.com\/es\/krankheit-heilen\/","title":{"rendered":"Curaci\u00f3n de enfermedades mentales y f\u00edsicas aparentes"},"content":{"rendered":"<div class=\"wp-block-uagb-container uagb-block-790bd2d4 alignfull uagb-is-root-container\"><div class=\"uagb-container-inner-blocks-wrap\">\n<figure class=\"wp-block-image size-full is-resized\"><img loading=\"lazy\" decoding=\"async\" width=\"640\" height=\"427\" src=\"http:\/\/heilung-der-seele.com\/wp-content\/uploads\/2024\/09\/ce697edc04e0a4b4320858007972b0f8.jpg\" alt=\"\" class=\"wp-image-2265\" style=\"width:576px;height:auto\" srcset=\"https:\/\/heilung-der-seele.com\/wp-content\/uploads\/2024\/09\/ce697edc04e0a4b4320858007972b0f8.jpg 640w, https:\/\/heilung-der-seele.com\/wp-content\/uploads\/2024\/09\/ce697edc04e0a4b4320858007972b0f8-300x200.jpg 300w\" sizes=\"auto, (max-width: 640px) 100vw, 640px\" \/><\/figure>\n\n\n\n<div class=\"wp-block-uagb-container uagb-block-c23a630c\"><\/div>\n<\/div><\/div>\n\n\n\n<div class=\"wp-block-uagb-container uagb-block-56fb9255 alignfull uagb-is-root-container\"><div class=\"uagb-container-inner-blocks-wrap\">\n<p>La curaci\u00f3n es un proceso que va m\u00e1s all\u00e1 de la curaci\u00f3n del cuerpo f\u00edsico. Es un poderoso proceso emocional, mental y espiritual que nos acerca a lo que realmente somos y a nuestro prop\u00f3sito en este mundo. El enfoque tambi\u00e9n puede curar enfermedades.<\/p>\n\n\n\n<p>Los innumerables factores que intervienen en cada persona requieren un enfoque muy individualizado, ya que las causas que provocan una misma enfermedad en dos personas pueden ser muy diferentes y no es posible dar la misma explicaci\u00f3n. Sin embargo, el objetivo suele ser curar la enfermedad.<\/p>\n\n\n\n<p>La curaci\u00f3n suele referirse al restablecimiento de la salud que la enfermedad ha hecho retroceder. Para curar una enfermedad, hay que mirar a la persona en su totalidad.<\/p>\n\n\n\n<p>Sin embargo, no queremos polarizar la salud y la enfermedad como opuestos irreconciliables, sino entender la enfermedad como un camino hacia la curaci\u00f3n. No hay curaci\u00f3n sin enfermedad, ni enfermedad sin curaci\u00f3n. Ambas nos hablan de lo que nos ocurre en lo m\u00e1s profundo de nuestro ser, de nuestro estado f\u00edsico, mental y espiritual. Podemos referirnos a distintos tipos de curaci\u00f3n: f\u00edsica, mental y espiritual, pero siempre debemos recordar que todas est\u00e1n estrechamente relacionadas, sobre todo si queremos curar la enfermedad.<\/p>\n\n\n\n<p>Sanar es tomar conciencia, sanar es vivir los sentimientos, apreciar la raz\u00f3n, aprender a estar verdaderamente vivo, sanar es animarse a curar las heridas, a aprender de ellas, a reconocerse.<\/p>\n\n\n\n<p>El alma arrastra heridas que hay que curar para curar una enfermedad. A veces estas heridas se arrastran a lo largo de las reencarnaciones y la memoria del alma nos trae este dolor. Este dolor puede, como ya hemos dicho, hacerse consciente y luego curarse.<\/p>\n\n\n\n<p>A menudo, la curaci\u00f3n se produce a un nivel energ\u00e9tico m\u00e1s que f\u00edsico. Esta curaci\u00f3n tiene lugar a nivel espiritual. La premisa es que la curaci\u00f3n de una enfermedad debe tener lugar a nivel energ\u00e9tico para que la enfermedad no reaparezca, ya que la ra\u00edz se encuentra mucho m\u00e1s profunda porque el esp\u00edritu est\u00e1 da\u00f1ado.<\/p>\n\n\n\n<p>Hay enfermedades f\u00edsicas y mentales que son causadas por el mundo espiritual. Los m\u00e9dicos no tienen la capacidad medi\u00famnica de reconocer una enfermedad causada por el mundo espiritual, ya que no son m\u00e9diums para identificar la causa real.<\/p>\n\n\n\n<p>La curaci\u00f3n espiritual va m\u00e1s all\u00e1 del nivel material, ya que conectamos con una causa que va m\u00e1s all\u00e1 de la vida humana que estamos viviendo. Esto puede provocar cambios a un nivel f\u00edsico y mental muy profundo y cambiar por completo nuestra perspectiva de la vida.<\/p>\n\n\n\n<p class=\"has-vivid-red-color has-text-color has-link-color wp-elements-d3d863f92060efffd0b392325a5c2b3f\"><strong>Nota importante sobre nuestro m\u00e9todo de curaci\u00f3n<\/strong>:<\/p>\n\n\n\n<p class=\"has-vivid-red-color has-text-color has-link-color wp-elements-33e8a7d42dc8a493e0a771016f0c4a7e\">Tenga en cuenta que nuestro m\u00e9todo de curaci\u00f3n est\u00e1 orientado exclusivamente hacia lo espiritual y lo energ\u00e9tico. Su objetivo es restablecer el equilibrio interior y la armon\u00eda energ\u00e9tica. Estos m\u00e9todos <strong>no sustituyen a los tratamientos de la medicina humana<\/strong> y no deben entenderse como tales. Si desea curar enfermedades, le recomendamos que consulte a un m\u00e9dico o terapeuta cualificado para las dolencias de salud en las que podamos descartar el mundo espiritual como causa.<\/p>\n<\/div><\/div>","protected":false},"excerpt":{"rendered":"<p>Die Heilung ist ein Prozess, der \u00fcber die Heilung des physischen K\u00f6rpers hinausgeht. Es ist ein kraftvoller emotionaler, mentaler und spiritueller Prozess, der uns n\u00e4her zu dem bringt, was wir wirklich sind, und zu unserer Bestimmung in dieser Welt. Dabei kann der Ansatz durchaus auch Krankheit heilen. Die unz\u00e4hligen Faktoren, die bei jedem Menschen eine [&hellip;]<\/p>","protected":false},"author":1,"featured_media":2265,"parent":0,"menu_order":0,"comment_status":"closed","ping_status":"closed","template":"","meta":{"_uag_custom_page_level_css":"","site-sidebar-layout":"default","site-content-layout":"","ast-site-content-layout":"default","site-content-style":"default","site-sidebar-style":"default","ast-global-header-display":"","ast-banner-title-visibility":"","ast-main-header-display":"","ast-hfb-above-header-display":"","ast-hfb-below-header-display":"","ast-hfb-mobile-header-display":"","site-post-title":"","ast-breadcrumbs-content":"","ast-featured-img":"","footer-sml-layout":"","theme-transparent-header-meta":"","adv-header-id-meta":"","stick-header-meta":"","header-above-stick-meta":"","header-main-stick-meta":"","header-below-stick-meta":"","astra-migrate-meta-layouts":"set","ast-page-background-enabled":"default","ast-page-background-meta":{"desktop":{"background-color":"var(--ast-global-color-4)","background-image":"","background-repeat":"repeat","background-position":"center center","background-size":"auto","background-attachment":"scroll","background-type":"","background-media":"","overlay-type":"","overlay-color":"","overlay-opacity":"","overlay-gradient":""},"tablet":{"background-color":"","background-image":"","background-repeat":"repeat","background-position":"center center","background-size":"auto","background-attachment":"scroll","background-type":"","background-media":"","overlay-type":"","overlay-color":"","overlay-opacity":"","overlay-gradient":""},"mobile":{"background-color":"","background-image":"","background-repeat":"repeat","background-position":"center center","background-size":"auto","background-attachment":"scroll","background-type":"","background-media":"","overlay-type":"","overlay-color":"","overlay-opacity":"","overlay-gradient":""}},"ast-content-background-meta":{"desktop":{"background-color":"var(--ast-global-color-5)","background-image":"","background-repeat":"repeat","background-position":"center center","background-size":"auto","background-attachment":"scroll","background-type":"","background-media":"","overlay-type":"","overlay-color":"","overlay-opacity":"","overlay-gradient":""},"tablet":{"background-color":"var(--ast-global-color-5)","background-image":"","background-repeat":"repeat","background-position":"center center","background-size":"auto","background-attachment":"scroll","background-type":"","background-media":"","overlay-type":"","overlay-color":"","overlay-opacity":"","overlay-gradient":""},"mobile":{"background-color":"var(--ast-global-color-5)","background-image":"","background-repeat":"repeat","background-position":"center center","background-size":"auto","background-attachment":"scroll","background-type":"","background-media":"","overlay-type":"","overlay-color":"","overlay-opacity":"","overlay-gradient":""}},"footnotes":""},"class_list":["post-2291","page","type-page","status-publish","has-post-thumbnail","hentry"],"yoast_head":"<!-- This site is optimized with the Yoast SEO Premium plugin v24.0 (Yoast SEO v24.0) - https:\/\/yoast.com\/wordpress\/plugins\/seo\/ -->\n<title>Die Heilung von Krankheiten: Ein individueller Ansatz - Heilung der Seele<\/title>\n<meta name=\"description\" content=\"Krankheit heilen: Verstehen Sie die Zusammenh\u00e4nge zwischen physischer, emotionaler und spiritueller Heilung.\" \/>\n<meta name=\"robots\" content=\"index, follow, max-snippet:-1, max-image-preview:large, max-video-preview:-1\" \/>\n<link rel=\"canonical\" href=\"https:\/\/heilung-der-seele.com\/es\/krankheit-heilen\/\" \/>\n<meta property=\"og:locale\" content=\"es_ES\" \/>\n<meta property=\"og:type\" content=\"article\" \/>\n<meta property=\"og:title\" content=\"Heilung von scheinbar psychischen und physischen Krankheiten\" \/>\n<meta property=\"og:description\" content=\"Krankheit heilen: Verstehen Sie die Zusammenh\u00e4nge zwischen physischer, emotionaler und spiritueller Heilung.\" \/>\n<meta property=\"og:url\" content=\"https:\/\/heilung-der-seele.com\/es\/krankheit-heilen\/\" \/>\n<meta property=\"og:site_name\" content=\"Heilung der Seele\" \/>\n<meta property=\"article:publisher\" content=\"https:\/\/www.facebook.com\/share\/g\/yAkbgrQRiPpBZyxo\/?mibextid=K35XfP\" \/>\n<meta property=\"article:modified_time\" content=\"2024-12-30T12:58:24+00:00\" \/>\n<meta property=\"og:image\" content=\"https:\/\/heilung-der-seele.com\/wp-content\/uploads\/2024\/09\/ce697edc04e0a4b4320858007972b0f8.jpg\" \/>\n\t<meta property=\"og:image:width\" content=\"640\" \/>\n\t<meta property=\"og:image:height\" content=\"427\" \/>\n\t<meta property=\"og:image:type\" content=\"image\/jpeg\" \/>\n<meta name=\"twitter:card\" content=\"summary_large_image\" \/>\n<meta name=\"twitter:label1\" content=\"Tiempo de lectura\" \/>\n\t<meta name=\"twitter:data1\" content=\"4 minutos\" \/>\n<script type=\"application\/ld+json\" class=\"yoast-schema-graph\">{\"@context\":\"https:\/\/schema.org\",\"@graph\":[{\"@type\":\"WebPage\",\"@id\":\"https:\/\/heilung-der-seele.com\/krankheit-heilen\/\",\"url\":\"https:\/\/heilung-der-seele.com\/krankheit-heilen\/\",\"name\":\"Die Heilung von Krankheiten: Ein individueller Ansatz - Heilung der Seele\",\"isPartOf\":{\"@id\":\"https:\/\/heilung-der-seele.com\/#website\"},\"primaryImageOfPage\":{\"@id\":\"https:\/\/heilung-der-seele.com\/krankheit-heilen\/#primaryimage\"},\"image\":{\"@id\":\"https:\/\/heilung-der-seele.com\/krankheit-heilen\/#primaryimage\"},\"thumbnailUrl\":\"https:\/\/heilung-der-seele.com\/wp-content\/uploads\/2024\/09\/ce697edc04e0a4b4320858007972b0f8.jpg\",\"datePublished\":\"2024-09-29T11:46:19+00:00\",\"dateModified\":\"2024-12-30T12:58:24+00:00\",\"description\":\"Krankheit heilen: Verstehen Sie die Zusammenh\u00e4nge zwischen physischer, emotionaler und spiritueller Heilung.\",\"breadcrumb\":{\"@id\":\"https:\/\/heilung-der-seele.com\/krankheit-heilen\/#breadcrumb\"},\"inLanguage\":\"es\",\"potentialAction\":[{\"@type\":\"ReadAction\",\"target\":[\"https:\/\/heilung-der-seele.com\/krankheit-heilen\/\"]}]},{\"@type\":\"ImageObject\",\"inLanguage\":\"es\",\"@id\":\"https:\/\/heilung-der-seele.com\/krankheit-heilen\/#primaryimage\",\"url\":\"https:\/\/heilung-der-seele.com\/wp-content\/uploads\/2024\/09\/ce697edc04e0a4b4320858007972b0f8.jpg\",\"contentUrl\":\"https:\/\/heilung-der-seele.com\/wp-content\/uploads\/2024\/09\/ce697edc04e0a4b4320858007972b0f8.jpg\",\"width\":640,\"height\":427},{\"@type\":\"BreadcrumbList\",\"@id\":\"https:\/\/heilung-der-seele.com\/krankheit-heilen\/#breadcrumb\",\"itemListElement\":[{\"@type\":\"ListItem\",\"position\":1,\"name\":\"Startseite\",\"item\":\"https:\/\/heilung-der-seele.com\/\"},{\"@type\":\"ListItem\",\"position\":2,\"name\":\"Heilung von scheinbar psychischen und physischen Krankheiten\"}]},{\"@type\":\"WebSite\",\"@id\":\"https:\/\/heilung-der-seele.com\/#website\",\"url\":\"https:\/\/heilung-der-seele.com\/\",\"name\":\"Heilung der Seele\",\"description\":\"\",\"publisher\":{\"@id\":\"https:\/\/heilung-der-seele.com\/#organization\"},\"potentialAction\":[{\"@type\":\"SearchAction\",\"target\":{\"@type\":\"EntryPoint\",\"urlTemplate\":\"https:\/\/heilung-der-seele.com\/?s={search_term_string}\"},\"query-input\":{\"@type\":\"PropertyValueSpecification\",\"valueRequired\":true,\"valueName\":\"search_term_string\"}}],\"inLanguage\":\"es\"},{\"@type\":\"Organization\",\"@id\":\"https:\/\/heilung-der-seele.com\/#organization\",\"name\":\"Heilung der Seele\",\"url\":\"https:\/\/heilung-der-seele.com\/\",\"logo\":{\"@type\":\"ImageObject\",\"inLanguage\":\"es\",\"@id\":\"https:\/\/heilung-der-seele.com\/#\/schema\/logo\/image\/\",\"url\":\"https:\/\/heilung-der-seele.com\/wp-content\/uploads\/2024\/09\/LOGO.png\",\"contentUrl\":\"https:\/\/heilung-der-seele.com\/wp-content\/uploads\/2024\/09\/LOGO.png\",\"width\":1563,\"height\":1563,\"caption\":\"Heilung der Seele\"},\"image\":{\"@id\":\"https:\/\/heilung-der-seele.com\/#\/schema\/logo\/image\/\"},\"sameAs\":[\"https:\/\/www.facebook.com\/share\/g\/yAkbgrQRiPpBZyxo\/?mibextid=K35XfP\"]}]}<\/script>\n<!-- \/ Yoast SEO Premium plugin. -->","yoast_head_json":{"title":"Die Heilung von Krankheiten: Ein individueller Ansatz - Heilung der Seele","description":"Krankheit heilen: Verstehen Sie die Zusammenh\u00e4nge zwischen physischer, emotionaler und spiritueller Heilung.","robots":{"index":"index","follow":"follow","max-snippet":"max-snippet:-1","max-image-preview":"max-image-preview:large","max-video-preview":"max-video-preview:-1"},"canonical":"https:\/\/heilung-der-seele.com\/es\/krankheit-heilen\/","og_locale":"es_ES","og_type":"article","og_title":"Heilung von scheinbar psychischen und physischen Krankheiten","og_description":"Krankheit heilen: Verstehen Sie die Zusammenh\u00e4nge zwischen physischer, emotionaler und spiritueller Heilung.","og_url":"https:\/\/heilung-der-seele.com\/es\/krankheit-heilen\/","og_site_name":"Heilung der Seele","article_publisher":"https:\/\/www.facebook.com\/share\/g\/yAkbgrQRiPpBZyxo\/?mibextid=K35XfP","article_modified_time":"2024-12-30T12:58:24+00:00","og_image":[{"width":640,"height":427,"url":"https:\/\/heilung-der-seele.com\/wp-content\/uploads\/2024\/09\/ce697edc04e0a4b4320858007972b0f8.jpg","type":"image\/jpeg"}],"twitter_card":"summary_large_image","twitter_misc":{"Tiempo de lectura":"4 minutos"},"schema":{"@context":"https:\/\/schema.org","@graph":[{"@type":"WebPage","@id":"https:\/\/heilung-der-seele.com\/krankheit-heilen\/","url":"https:\/\/heilung-der-seele.com\/krankheit-heilen\/","name":"Die Heilung von Krankheiten: Ein individueller Ansatz - Heilung der Seele","isPartOf":{"@id":"https:\/\/heilung-der-seele.com\/#website"},"primaryImageOfPage":{"@id":"https:\/\/heilung-der-seele.com\/krankheit-heilen\/#primaryimage"},"image":{"@id":"https:\/\/heilung-der-seele.com\/krankheit-heilen\/#primaryimage"},"thumbnailUrl":"https:\/\/heilung-der-seele.com\/wp-content\/uploads\/2024\/09\/ce697edc04e0a4b4320858007972b0f8.jpg","datePublished":"2024-09-29T11:46:19+00:00","dateModified":"2024-12-30T12:58:24+00:00","description":"Krankheit heilen: Verstehen Sie die Zusammenh\u00e4nge zwischen physischer, emotionaler und spiritueller Heilung.","breadcrumb":{"@id":"https:\/\/heilung-der-seele.com\/krankheit-heilen\/#breadcrumb"},"inLanguage":"es","potentialAction":[{"@type":"ReadAction","target":["https:\/\/heilung-der-seele.com\/krankheit-heilen\/"]}]},{"@type":"ImageObject","inLanguage":"es","@id":"https:\/\/heilung-der-seele.com\/krankheit-heilen\/#primaryimage","url":"https:\/\/heilung-der-seele.com\/wp-content\/uploads\/2024\/09\/ce697edc04e0a4b4320858007972b0f8.jpg","contentUrl":"https:\/\/heilung-der-seele.com\/wp-content\/uploads\/2024\/09\/ce697edc04e0a4b4320858007972b0f8.jpg","width":640,"height":427},{"@type":"BreadcrumbList","@id":"https:\/\/heilung-der-seele.com\/krankheit-heilen\/#breadcrumb","itemListElement":[{"@type":"ListItem","position":1,"name":"Startseite","item":"https:\/\/heilung-der-seele.com\/"},{"@type":"ListItem","position":2,"name":"Heilung von scheinbar psychischen und physischen Krankheiten"}]},{"@type":"WebSite","@id":"https:\/\/heilung-der-seele.com\/#website","url":"https:\/\/heilung-der-seele.com\/","name":"Heilung der Seele","description":"","publisher":{"@id":"https:\/\/heilung-der-seele.com\/#organization"},"potentialAction":[{"@type":"SearchAction","target":{"@type":"EntryPoint","urlTemplate":"https:\/\/heilung-der-seele.com\/?s={search_term_string}"},"query-input":{"@type":"PropertyValueSpecification","valueRequired":true,"valueName":"search_term_string"}}],"inLanguage":"es"},{"@type":"Organization","@id":"https:\/\/heilung-der-seele.com\/#organization","name":"Heilung der Seele","url":"https:\/\/heilung-der-seele.com\/","logo":{"@type":"ImageObject","inLanguage":"es","@id":"https:\/\/heilung-der-seele.com\/#\/schema\/logo\/image\/","url":"https:\/\/heilung-der-seele.com\/wp-content\/uploads\/2024\/09\/LOGO.png","contentUrl":"https:\/\/heilung-der-seele.com\/wp-content\/uploads\/2024\/09\/LOGO.png","width":1563,"height":1563,"caption":"Heilung der Seele"},"image":{"@id":"https:\/\/heilung-der-seele.com\/#\/schema\/logo\/image\/"},"sameAs":["https:\/\/www.facebook.com\/share\/g\/yAkbgrQRiPpBZyxo\/?mibextid=K35XfP"]}]}},"jetpack_sharing_enabled":true,"uagb_featured_image_src":{"full":["https:\/\/heilung-der-seele.com\/wp-content\/uploads\/2024\/09\/ce697edc04e0a4b4320858007972b0f8.jpg",640,427,false],"thumbnail":["https:\/\/heilung-der-seele.com\/wp-content\/uploads\/2024\/09\/ce697edc04e0a4b4320858007972b0f8-150x150.jpg",150,150,true],"medium":["https:\/\/heilung-der-seele.com\/wp-content\/uploads\/2024\/09\/ce697edc04e0a4b4320858007972b0f8-300x200.jpg",300,200,true],"medium_large":["https:\/\/heilung-der-seele.com\/wp-content\/uploads\/2024\/09\/ce697edc04e0a4b4320858007972b0f8.jpg",640,427,false],"large":["https:\/\/heilung-der-seele.com\/wp-content\/uploads\/2024\/09\/ce697edc04e0a4b4320858007972b0f8.jpg",640,427,false],"1536x1536":["https:\/\/heilung-der-seele.com\/wp-content\/uploads\/2024\/09\/ce697edc04e0a4b4320858007972b0f8.jpg",640,427,false],"2048x2048":["https:\/\/heilung-der-seele.com\/wp-content\/uploads\/2024\/09\/ce697edc04e0a4b4320858007972b0f8.jpg",640,427,false],"trp-custom-language-flag":["https:\/\/heilung-der-seele.com\/wp-content\/uploads\/2024\/09\/ce697edc04e0a4b4320858007972b0f8.jpg",18,12,false]},"uagb_author_info":{"display_name":"fljwi","author_link":"https:\/\/heilung-der-seele.com\/es\/author\/fljwi\/"},"uagb_comment_info":0,"uagb_excerpt":"Die Heilung ist ein Prozess, der \u00fcber die Heilung des physischen K\u00f6rpers hinausgeht. Es ist ein kraftvoller emotionaler, mentaler und spiritueller Prozess, der uns n\u00e4her zu dem bringt, was wir wirklich sind, und zu unserer Bestimmung in dieser Welt. Dabei kann der Ansatz durchaus auch Krankheit heilen. Die unz\u00e4hligen Faktoren, die bei jedem Menschen eine&hellip;","_links":{"self":[{"href":"https:\/\/heilung-der-seele.com\/es\/wp-json\/wp\/v2\/pages\/2291","targetHints":{"allow":["GET"]}}],"collection":[{"href":"https:\/\/heilung-der-seele.com\/es\/wp-json\/wp\/v2\/pages"}],"about":[{"href":"https:\/\/heilung-der-seele.com\/es\/wp-json\/wp\/v2\/types\/page"}],"author":[{"embeddable":true,"href":"https:\/\/heilung-der-seele.com\/es\/wp-json\/wp\/v2\/users\/1"}],"replies":[{"embeddable":true,"href":"https:\/\/heilung-der-seele.com\/es\/wp-json\/wp\/v2\/comments?post=2291"}],"version-history":[{"count":8,"href":"https:\/\/heilung-der-seele.com\/es\/wp-json\/wp\/v2\/pages\/2291\/revisions"}],"predecessor-version":[{"id":2505,"href":"https:\/\/heilung-der-seele.com\/es\/wp-json\/wp\/v2\/pages\/2291\/revisions\/2505"}],"wp:featuredmedia":[{"embeddable":true,"href":"https:\/\/heilung-der-seele.com\/es\/wp-json\/wp\/v2\/media\/2265"}],"wp:attachment":[{"href":"https:\/\/heilung-der-seele.com\/es\/wp-json\/wp\/v2\/media?parent=2291"}],"curies":[{"name":"wp","href":"https:\/\/api.w.org\/{rel}","templated":true}]}}