{"id":2281,"date":"2024-09-29T10:58:33","date_gmt":"2024-09-29T10:58:33","guid":{"rendered":"http:\/\/heilung-der-seele.com\/?page_id=2281"},"modified":"2024-12-19T11:08:25","modified_gmt":"2024-12-19T11:08:25","slug":"unterstuetzung-bei-der-entwicklung-und-ausuebung-der-medialitaet","status":"publish","type":"page","link":"https:\/\/heilung-der-seele.com\/es\/unterstuetzung-bei-der-entwicklung-und-ausuebung-der-medialitaet\/","title":{"rendered":"Apoyo en el desarrollo y ejercicio de la mediumnidad"},"content":{"rendered":"<div class=\"wp-block-uagb-container uagb-block-2b66cb66 alignfull uagb-is-root-container\"><div class=\"uagb-container-inner-blocks-wrap\">\n<figure class=\"wp-block-image size-full is-resized\"><img loading=\"lazy\" decoding=\"async\" width=\"500\" height=\"500\" src=\"http:\/\/heilung-der-seele.com\/wp-content\/uploads\/2024\/09\/Design-ohne-Titel36-2.png\" alt=\"\" class=\"wp-image-2284\" style=\"width:359px;height:auto\" srcset=\"https:\/\/heilung-der-seele.com\/wp-content\/uploads\/2024\/09\/Design-ohne-Titel36-2.png 500w, https:\/\/heilung-der-seele.com\/wp-content\/uploads\/2024\/09\/Design-ohne-Titel36-2-300x300.png 300w, https:\/\/heilung-der-seele.com\/wp-content\/uploads\/2024\/09\/Design-ohne-Titel36-2-150x150.png 150w\" sizes=\"auto, (max-width: 500px) 100vw, 500px\" \/><\/figure>\n\n\n\n<div class=\"wp-block-uagb-container uagb-block-644ae50d\"><\/div>\n<\/div><\/div>\n\n\n\n<div class=\"wp-block-uagb-container uagb-block-3584fc61 alignfull uagb-is-root-container\"><div class=\"uagb-container-inner-blocks-wrap\">\n<p>La mediumnidad se refiere al conjunto de capacidades que permiten a una persona comunicarse con el mundo espiritual. El m\u00e9dium posee capacidades perceptivas y sensoriales que pertenecen m\u00e1s a la vida del esp\u00edritu que a la del ser humano. Por lo tanto, su tarea consiste en servir de enlace entre ambos.<\/p>\n\n\n\n<p><strong>\u00bfQu\u00e9 finalidad tiene la mediumnidad?<\/strong><\/p>\n\n\n\n<p>Mostrar la posibilidad de comunicaci\u00f3n con los seres del mundo espiritual, demostrarnos fehacientemente la prueba de la inmortalidad. El simple hecho de que el ser humano se pueda comunicar con los seres del mundo espiritual trae consecuencias incalculables de la mayor gravedad, se nos revela un mundo nuevo al que todos iremos sin excepci\u00f3n. El conocimiento de ese hecho no puede dejar de acarrear, al generalizarse, una profunda modificaci\u00f3n en las costumbres, el car\u00e1cter, los h\u00e1bitos y las creencias. Es una revoluci\u00f3n total la que se opera en las ideas, revoluci\u00f3n tanto mayor y m\u00e1s poderosa cuanto que no est\u00e1 circunscripta a un pueblo ni a una casta, visto que alcanza simult\u00e1neamente a todas las clases, a todas las nacionalidades y a todos los cultos.<\/p>\n\n\n\n<p>Por la mediumnidad obtenemos no solo la prueba material de la existencia y de la individualidad del alma, sino que tambi\u00e9n comprendemos la solidaridad que vincula a los vivos con los muertos de este mundo, y a los de este mundo con los de otros planetas. Conocemos la situaci\u00f3n de ellos en el mundo de los Esp\u00edritus; los acompa\u00f1amos en sus migraciones; somos testigos de sus alegr\u00edas y sus penas; sabemos por qu\u00e9 son felices o desdichados, y conocemos la suerte que a nosotros mismos nos est\u00e1 reservada, seg\u00fan el bien o el mal que hayamos hecho. Esta comunicaci\u00f3n nos inicia en la vida futura, que podemos observar en todas sus fases, en todas sus peripecias; el porvenir ya no es una vaga esperanza, sino un hecho positivo, una certeza matem\u00e1tica. A partir de entonces, la muerte ya no tiene nada de aterrador para nosotros, porque significa la liberaci\u00f3n, la puerta de la verdadera vida.<\/p>\n\n\n\n<p>A trav\u00e9s del estudio de la situaci\u00f3n de los Esp\u00edritus, sabemos que la felicidad y la desdicha en la vida espiritual son inherentes al grado de perfecci\u00f3n o de imperfecci\u00f3n; que cada uno sufre las consecuencias directas y naturales de sus faltas y esas consecuencias negativas cesan con el arrepentimiento y la reparaci\u00f3n. Que el perfeccionamiento depende exclusivamente de uno mismo, y a trav\u00e9s del libre albedr\u00edo, uno puede prolongar o abreviar los padecimientos, del mismo modo que el enfermo sufre por sus excesos hasta que no les pone t\u00e9rmino.<\/p>\n\n\n\n<p>La mediumnidad en sus m\u00faltiples manifestaciones y tipos se puede convertir tambi\u00e9n en una herramienta para ayudar y hacer el bien. Esta facultad es un pr\u00e9stamo temporal para el m\u00e9dium que si quiere hacer buen uso de ella debe entender la necesidad de estudio y pr\u00e1ctica en las condiciones m\u00e1s adecuadas, desde la humildad, comprendiendo la gran falibilidad que tiene todo m\u00e9dium. Ya que el mejor m\u00e9dium es el que menos veces es enga\u00f1ado, pues todos lo son en alg\u00fan momento, aunque sea como prueba y aprendizaje, de ah\u00ed la necesidad de un trabajo en grupo, con estudio y an\u00e1lisis de las comunicaciones. <\/p>\n<\/div><\/div>\n\n\n\n<div class=\"wp-block-uagb-container uagb-block-d53fd2ef alignfull uagb-is-root-container\"><div class=\"uagb-container-inner-blocks-wrap\"><\/div><\/div>\n\n\n\n<div class=\"wp-block-uagb-container uagb-block-a905ef92 alignfull uagb-is-root-container\"><div class=\"uagb-container-inner-blocks-wrap\">\n<p><\/p>\n\n\n\n<p><\/p>\n<\/div><\/div>\n\n\n\n<div class=\"wp-block-uagb-container uagb-block-44c2b6c0 alignfull uagb-is-root-container\"><div class=\"uagb-container-inner-blocks-wrap\">\n<ul class=\"wp-block-social-links aligncenter is-layout-flex wp-block-social-links-is-layout-flex\"><li class=\"wp-social-link wp-social-link-facebook  wp-block-social-link\"><a href=\"https:\/\/www.facebook.com\/groups\/528440421775182\" class=\"wp-block-social-link-anchor\"><svg width=\"24\" height=\"24\" viewbox=\"0 0 24 24\" version=\"1.1\" xmlns=\"http:\/\/www.w3.org\/2000\/svg\" aria-hidden=\"true\" focusable=\"false\"><path d=\"M12 2C6.5 2 2 6.5 2 12c0 5 3.7 9.1 8.4 9.9v-7H7.9V12h2.5V9.8c0-2.5 1.5-3.9 3.8-3.9 1.1 0 2.2.2 2.2.2v2.5h-1.3c-1.2 0-1.6.8-1.6 1.6V12h2.8l-.4 2.9h-2.3v7C18.3 21.1 22 17 22 12c0-5.5-4.5-10-10-10z\"><\/path><\/svg><span class=\"wp-block-social-link-label screen-reader-text\">Facebook<\/span><\/a><\/li><\/ul>\n<\/div><\/div>","protected":false},"excerpt":{"rendered":"<p>Als Medialit\u00e4t bezeichnet man die Gesamtheit der F\u00e4higkeiten, die den Menschen bef\u00e4higen, mit der geistigen Welt zu kommunizieren. Das Medium verf\u00fcgt im Voraus \u00fcber Wahrnehmungs- und Empfindungsm\u00f6glichkeiten, die mehr zum Leben des Geistes als zu dem des Menschen geh\u00f6ren. Es ist daher seine Aufgabe, als Bindeglied zwischen ihnen zu dienen. Was ist der Zweck der [&hellip;]<\/p>","protected":false},"author":1,"featured_media":2262,"parent":0,"menu_order":0,"comment_status":"closed","ping_status":"closed","template":"","meta":{"_uag_custom_page_level_css":"","site-sidebar-layout":"default","site-content-layout":"","ast-site-content-layout":"default","site-content-style":"default","site-sidebar-style":"default","ast-global-header-display":"","ast-banner-title-visibility":"","ast-main-header-display":"","ast-hfb-above-header-display":"","ast-hfb-below-header-display":"","ast-hfb-mobile-header-display":"","site-post-title":"","ast-breadcrumbs-content":"","ast-featured-img":"","footer-sml-layout":"","theme-transparent-header-meta":"","adv-header-id-meta":"","stick-header-meta":"","header-above-stick-meta":"","header-main-stick-meta":"","header-below-stick-meta":"","astra-migrate-meta-layouts":"set","ast-page-background-enabled":"default","ast-page-background-meta":{"desktop":{"background-color":"var(--ast-global-color-4)","background-image":"","background-repeat":"repeat","background-position":"center center","background-size":"auto","background-attachment":"scroll","background-type":"","background-media":"","overlay-type":"","overlay-color":"","overlay-opacity":"","overlay-gradient":""},"tablet":{"background-color":"","background-image":"","background-repeat":"repeat","background-position":"center center","background-size":"auto","background-attachment":"scroll","background-type":"","background-media":"","overlay-type":"","overlay-color":"","overlay-opacity":"","overlay-gradient":""},"mobile":{"background-color":"","background-image":"","background-repeat":"repeat","background-position":"center center","background-size":"auto","background-attachment":"scroll","background-type":"","background-media":"","overlay-type":"","overlay-color":"","overlay-opacity":"","overlay-gradient":""}},"ast-content-background-meta":{"desktop":{"background-color":"var(--ast-global-color-5)","background-image":"","background-repeat":"repeat","background-position":"center center","background-size":"auto","background-attachment":"scroll","background-type":"","background-media":"","overlay-type":"","overlay-color":"","overlay-opacity":"","overlay-gradient":""},"tablet":{"background-color":"var(--ast-global-color-5)","background-image":"","background-repeat":"repeat","background-position":"center center","background-size":"auto","background-attachment":"scroll","background-type":"","background-media":"","overlay-type":"","overlay-color":"","overlay-opacity":"","overlay-gradient":""},"mobile":{"background-color":"var(--ast-global-color-5)","background-image":"","background-repeat":"repeat","background-position":"center center","background-size":"auto","background-attachment":"scroll","background-type":"","background-media":"","overlay-type":"","overlay-color":"","overlay-opacity":"","overlay-gradient":""}},"footnotes":""},"class_list":["post-2281","page","type-page","status-publish","has-post-thumbnail","hentry"],"yoast_head":"<!-- This site is optimized with the Yoast SEO Premium plugin v24.0 (Yoast SEO v24.0) - https:\/\/yoast.com\/wordpress\/plugins\/seo\/ -->\n<title>Unterst\u00fctzung bei der Entwicklung und Aus\u00fcbung der Medialit\u00e4t - Heilung der Seele<\/title>\n<meta name=\"description\" content=\"Erfahren Sie mehr \u00fcber Medialit\u00e4t und wie Sie zum Bindeglied zwischen der geistigen Welt und den Menschen werden k\u00f6nnen.\" \/>\n<meta name=\"robots\" content=\"index, follow, max-snippet:-1, max-image-preview:large, max-video-preview:-1\" \/>\n<link rel=\"canonical\" href=\"https:\/\/heilung-der-seele.com\/es\/unterstuetzung-bei-der-entwicklung-und-ausuebung-der-medialitaet\/\" \/>\n<meta property=\"og:locale\" content=\"es_ES\" \/>\n<meta property=\"og:type\" content=\"article\" \/>\n<meta property=\"og:title\" content=\"Unterst\u00fctzung bei der Entwicklung und Aus\u00fcbung der Medialit\u00e4t\" \/>\n<meta property=\"og:description\" content=\"Erfahren Sie mehr \u00fcber Medialit\u00e4t und wie Sie zum Bindeglied zwischen der geistigen Welt und den Menschen werden k\u00f6nnen.\" \/>\n<meta property=\"og:url\" content=\"https:\/\/heilung-der-seele.com\/es\/unterstuetzung-bei-der-entwicklung-und-ausuebung-der-medialitaet\/\" \/>\n<meta property=\"og:site_name\" content=\"Heilung der Seele\" \/>\n<meta property=\"article:publisher\" content=\"https:\/\/www.facebook.com\/share\/g\/yAkbgrQRiPpBZyxo\/?mibextid=K35XfP\" \/>\n<meta property=\"article:modified_time\" content=\"2024-12-19T11:08:25+00:00\" \/>\n<meta property=\"og:image\" content=\"https:\/\/heilung-der-seele.com\/wp-content\/uploads\/2024\/09\/Design-ohne-Titel36.png\" \/>\n\t<meta property=\"og:image:width\" content=\"500\" \/>\n\t<meta property=\"og:image:height\" content=\"500\" \/>\n\t<meta property=\"og:image:type\" content=\"image\/png\" \/>\n<meta name=\"twitter:card\" content=\"summary_large_image\" \/>\n<meta name=\"twitter:label1\" content=\"Tiempo de lectura\" \/>\n\t<meta name=\"twitter:data1\" content=\"4 minutos\" \/>\n<script type=\"application\/ld+json\" class=\"yoast-schema-graph\">{\"@context\":\"https:\/\/schema.org\",\"@graph\":[{\"@type\":\"WebPage\",\"@id\":\"https:\/\/heilung-der-seele.com\/unterstuetzung-bei-der-entwicklung-und-ausuebung-der-medialitaet\/\",\"url\":\"https:\/\/heilung-der-seele.com\/unterstuetzung-bei-der-entwicklung-und-ausuebung-der-medialitaet\/\",\"name\":\"Unterst\u00fctzung bei der Entwicklung und Aus\u00fcbung der Medialit\u00e4t - Heilung der Seele\",\"isPartOf\":{\"@id\":\"https:\/\/heilung-der-seele.com\/#website\"},\"primaryImageOfPage\":{\"@id\":\"https:\/\/heilung-der-seele.com\/unterstuetzung-bei-der-entwicklung-und-ausuebung-der-medialitaet\/#primaryimage\"},\"image\":{\"@id\":\"https:\/\/heilung-der-seele.com\/unterstuetzung-bei-der-entwicklung-und-ausuebung-der-medialitaet\/#primaryimage\"},\"thumbnailUrl\":\"https:\/\/heilung-der-seele.com\/wp-content\/uploads\/2024\/09\/Design-ohne-Titel36.png\",\"datePublished\":\"2024-09-29T10:58:33+00:00\",\"dateModified\":\"2024-12-19T11:08:25+00:00\",\"description\":\"Erfahren Sie mehr \u00fcber Medialit\u00e4t und wie Sie zum Bindeglied zwischen der geistigen Welt und den Menschen werden k\u00f6nnen.\",\"breadcrumb\":{\"@id\":\"https:\/\/heilung-der-seele.com\/unterstuetzung-bei-der-entwicklung-und-ausuebung-der-medialitaet\/#breadcrumb\"},\"inLanguage\":\"es\",\"potentialAction\":[{\"@type\":\"ReadAction\",\"target\":[\"https:\/\/heilung-der-seele.com\/unterstuetzung-bei-der-entwicklung-und-ausuebung-der-medialitaet\/\"]}]},{\"@type\":\"ImageObject\",\"inLanguage\":\"es\",\"@id\":\"https:\/\/heilung-der-seele.com\/unterstuetzung-bei-der-entwicklung-und-ausuebung-der-medialitaet\/#primaryimage\",\"url\":\"https:\/\/heilung-der-seele.com\/wp-content\/uploads\/2024\/09\/Design-ohne-Titel36.png\",\"contentUrl\":\"https:\/\/heilung-der-seele.com\/wp-content\/uploads\/2024\/09\/Design-ohne-Titel36.png\",\"width\":500,\"height\":500},{\"@type\":\"BreadcrumbList\",\"@id\":\"https:\/\/heilung-der-seele.com\/unterstuetzung-bei-der-entwicklung-und-ausuebung-der-medialitaet\/#breadcrumb\",\"itemListElement\":[{\"@type\":\"ListItem\",\"position\":1,\"name\":\"Startseite\",\"item\":\"https:\/\/heilung-der-seele.com\/\"},{\"@type\":\"ListItem\",\"position\":2,\"name\":\"Unterst\u00fctzung bei der Entwicklung und Aus\u00fcbung der Medialit\u00e4t\"}]},{\"@type\":\"WebSite\",\"@id\":\"https:\/\/heilung-der-seele.com\/#website\",\"url\":\"https:\/\/heilung-der-seele.com\/\",\"name\":\"Heilung der Seele\",\"description\":\"\",\"publisher\":{\"@id\":\"https:\/\/heilung-der-seele.com\/#organization\"},\"potentialAction\":[{\"@type\":\"SearchAction\",\"target\":{\"@type\":\"EntryPoint\",\"urlTemplate\":\"https:\/\/heilung-der-seele.com\/?s={search_term_string}\"},\"query-input\":{\"@type\":\"PropertyValueSpecification\",\"valueRequired\":true,\"valueName\":\"search_term_string\"}}],\"inLanguage\":\"es\"},{\"@type\":\"Organization\",\"@id\":\"https:\/\/heilung-der-seele.com\/#organization\",\"name\":\"Heilung der Seele\",\"url\":\"https:\/\/heilung-der-seele.com\/\",\"logo\":{\"@type\":\"ImageObject\",\"inLanguage\":\"es\",\"@id\":\"https:\/\/heilung-der-seele.com\/#\/schema\/logo\/image\/\",\"url\":\"https:\/\/heilung-der-seele.com\/wp-content\/uploads\/2024\/09\/LOGO.png\",\"contentUrl\":\"https:\/\/heilung-der-seele.com\/wp-content\/uploads\/2024\/09\/LOGO.png\",\"width\":1563,\"height\":1563,\"caption\":\"Heilung der Seele\"},\"image\":{\"@id\":\"https:\/\/heilung-der-seele.com\/#\/schema\/logo\/image\/\"},\"sameAs\":[\"https:\/\/www.facebook.com\/share\/g\/yAkbgrQRiPpBZyxo\/?mibextid=K35XfP\"]}]}<\/script>\n<!-- \/ Yoast SEO Premium plugin. -->","yoast_head_json":{"title":"Unterst\u00fctzung bei der Entwicklung und Aus\u00fcbung der Medialit\u00e4t - Heilung der Seele","description":"Erfahren Sie mehr \u00fcber Medialit\u00e4t und wie Sie zum Bindeglied zwischen der geistigen Welt und den Menschen werden k\u00f6nnen.","robots":{"index":"index","follow":"follow","max-snippet":"max-snippet:-1","max-image-preview":"max-image-preview:large","max-video-preview":"max-video-preview:-1"},"canonical":"https:\/\/heilung-der-seele.com\/es\/unterstuetzung-bei-der-entwicklung-und-ausuebung-der-medialitaet\/","og_locale":"es_ES","og_type":"article","og_title":"Unterst\u00fctzung bei der Entwicklung und Aus\u00fcbung der Medialit\u00e4t","og_description":"Erfahren Sie mehr \u00fcber Medialit\u00e4t und wie Sie zum Bindeglied zwischen der geistigen Welt und den Menschen werden k\u00f6nnen.","og_url":"https:\/\/heilung-der-seele.com\/es\/unterstuetzung-bei-der-entwicklung-und-ausuebung-der-medialitaet\/","og_site_name":"Heilung der Seele","article_publisher":"https:\/\/www.facebook.com\/share\/g\/yAkbgrQRiPpBZyxo\/?mibextid=K35XfP","article_modified_time":"2024-12-19T11:08:25+00:00","og_image":[{"width":500,"height":500,"url":"https:\/\/heilung-der-seele.com\/wp-content\/uploads\/2024\/09\/Design-ohne-Titel36.png","type":"image\/png"}],"twitter_card":"summary_large_image","twitter_misc":{"Tiempo de lectura":"4 minutos"},"schema":{"@context":"https:\/\/schema.org","@graph":[{"@type":"WebPage","@id":"https:\/\/heilung-der-seele.com\/unterstuetzung-bei-der-entwicklung-und-ausuebung-der-medialitaet\/","url":"https:\/\/heilung-der-seele.com\/unterstuetzung-bei-der-entwicklung-und-ausuebung-der-medialitaet\/","name":"Unterst\u00fctzung bei der Entwicklung und Aus\u00fcbung der Medialit\u00e4t - Heilung der Seele","isPartOf":{"@id":"https:\/\/heilung-der-seele.com\/#website"},"primaryImageOfPage":{"@id":"https:\/\/heilung-der-seele.com\/unterstuetzung-bei-der-entwicklung-und-ausuebung-der-medialitaet\/#primaryimage"},"image":{"@id":"https:\/\/heilung-der-seele.com\/unterstuetzung-bei-der-entwicklung-und-ausuebung-der-medialitaet\/#primaryimage"},"thumbnailUrl":"https:\/\/heilung-der-seele.com\/wp-content\/uploads\/2024\/09\/Design-ohne-Titel36.png","datePublished":"2024-09-29T10:58:33+00:00","dateModified":"2024-12-19T11:08:25+00:00","description":"Erfahren Sie mehr \u00fcber Medialit\u00e4t und wie Sie zum Bindeglied zwischen der geistigen Welt und den Menschen werden k\u00f6nnen.","breadcrumb":{"@id":"https:\/\/heilung-der-seele.com\/unterstuetzung-bei-der-entwicklung-und-ausuebung-der-medialitaet\/#breadcrumb"},"inLanguage":"es","potentialAction":[{"@type":"ReadAction","target":["https:\/\/heilung-der-seele.com\/unterstuetzung-bei-der-entwicklung-und-ausuebung-der-medialitaet\/"]}]},{"@type":"ImageObject","inLanguage":"es","@id":"https:\/\/heilung-der-seele.com\/unterstuetzung-bei-der-entwicklung-und-ausuebung-der-medialitaet\/#primaryimage","url":"https:\/\/heilung-der-seele.com\/wp-content\/uploads\/2024\/09\/Design-ohne-Titel36.png","contentUrl":"https:\/\/heilung-der-seele.com\/wp-content\/uploads\/2024\/09\/Design-ohne-Titel36.png","width":500,"height":500},{"@type":"BreadcrumbList","@id":"https:\/\/heilung-der-seele.com\/unterstuetzung-bei-der-entwicklung-und-ausuebung-der-medialitaet\/#breadcrumb","itemListElement":[{"@type":"ListItem","position":1,"name":"Startseite","item":"https:\/\/heilung-der-seele.com\/"},{"@type":"ListItem","position":2,"name":"Unterst\u00fctzung bei der Entwicklung und Aus\u00fcbung der Medialit\u00e4t"}]},{"@type":"WebSite","@id":"https:\/\/heilung-der-seele.com\/#website","url":"https:\/\/heilung-der-seele.com\/","name":"Heilung der Seele","description":"","publisher":{"@id":"https:\/\/heilung-der-seele.com\/#organization"},"potentialAction":[{"@type":"SearchAction","target":{"@type":"EntryPoint","urlTemplate":"https:\/\/heilung-der-seele.com\/?s={search_term_string}"},"query-input":{"@type":"PropertyValueSpecification","valueRequired":true,"valueName":"search_term_string"}}],"inLanguage":"es"},{"@type":"Organization","@id":"https:\/\/heilung-der-seele.com\/#organization","name":"Heilung der Seele","url":"https:\/\/heilung-der-seele.com\/","logo":{"@type":"ImageObject","inLanguage":"es","@id":"https:\/\/heilung-der-seele.com\/#\/schema\/logo\/image\/","url":"https:\/\/heilung-der-seele.com\/wp-content\/uploads\/2024\/09\/LOGO.png","contentUrl":"https:\/\/heilung-der-seele.com\/wp-content\/uploads\/2024\/09\/LOGO.png","width":1563,"height":1563,"caption":"Heilung der Seele"},"image":{"@id":"https:\/\/heilung-der-seele.com\/#\/schema\/logo\/image\/"},"sameAs":["https:\/\/www.facebook.com\/share\/g\/yAkbgrQRiPpBZyxo\/?mibextid=K35XfP"]}]}},"jetpack_sharing_enabled":true,"uagb_featured_image_src":{"full":["https:\/\/heilung-der-seele.com\/wp-content\/uploads\/2024\/09\/Design-ohne-Titel36.png",500,500,false],"thumbnail":["https:\/\/heilung-der-seele.com\/wp-content\/uploads\/2024\/09\/Design-ohne-Titel36-150x150.png",150,150,true],"medium":["https:\/\/heilung-der-seele.com\/wp-content\/uploads\/2024\/09\/Design-ohne-Titel36-300x300.png",300,300,true],"medium_large":["https:\/\/heilung-der-seele.com\/wp-content\/uploads\/2024\/09\/Design-ohne-Titel36.png",500,500,false],"large":["https:\/\/heilung-der-seele.com\/wp-content\/uploads\/2024\/09\/Design-ohne-Titel36.png",500,500,false],"1536x1536":["https:\/\/heilung-der-seele.com\/wp-content\/uploads\/2024\/09\/Design-ohne-Titel36.png",500,500,false],"2048x2048":["https:\/\/heilung-der-seele.com\/wp-content\/uploads\/2024\/09\/Design-ohne-Titel36.png",500,500,false],"trp-custom-language-flag":["https:\/\/heilung-der-seele.com\/wp-content\/uploads\/2024\/09\/Design-ohne-Titel36.png",12,12,false]},"uagb_author_info":{"display_name":"fljwi","author_link":"https:\/\/heilung-der-seele.com\/es\/author\/fljwi\/"},"uagb_comment_info":0,"uagb_excerpt":"Als Medialit\u00e4t bezeichnet man die Gesamtheit der F\u00e4higkeiten, die den Menschen bef\u00e4higen, mit der geistigen Welt zu kommunizieren. Das Medium verf\u00fcgt im Voraus \u00fcber Wahrnehmungs- und Empfindungsm\u00f6glichkeiten, die mehr zum Leben des Geistes als zu dem des Menschen geh\u00f6ren. Es ist daher seine Aufgabe, als Bindeglied zwischen ihnen zu dienen. Was ist der Zweck der&hellip;","_links":{"self":[{"href":"https:\/\/heilung-der-seele.com\/es\/wp-json\/wp\/v2\/pages\/2281","targetHints":{"allow":["GET"]}}],"collection":[{"href":"https:\/\/heilung-der-seele.com\/es\/wp-json\/wp\/v2\/pages"}],"about":[{"href":"https:\/\/heilung-der-seele.com\/es\/wp-json\/wp\/v2\/types\/page"}],"author":[{"embeddable":true,"href":"https:\/\/heilung-der-seele.com\/es\/wp-json\/wp\/v2\/users\/1"}],"replies":[{"embeddable":true,"href":"https:\/\/heilung-der-seele.com\/es\/wp-json\/wp\/v2\/comments?post=2281"}],"version-history":[{"count":7,"href":"https:\/\/heilung-der-seele.com\/es\/wp-json\/wp\/v2\/pages\/2281\/revisions"}],"predecessor-version":[{"id":2501,"href":"https:\/\/heilung-der-seele.com\/es\/wp-json\/wp\/v2\/pages\/2281\/revisions\/2501"}],"wp:featuredmedia":[{"embeddable":true,"href":"https:\/\/heilung-der-seele.com\/es\/wp-json\/wp\/v2\/media\/2262"}],"wp:attachment":[{"href":"https:\/\/heilung-der-seele.com\/es\/wp-json\/wp\/v2\/media?parent=2281"}],"curies":[{"name":"wp","href":"https:\/\/api.w.org\/{rel}","templated":true}]}}