{"id":2273,"date":"2024-09-29T10:16:51","date_gmt":"2024-09-29T10:16:51","guid":{"rendered":"http:\/\/heilung-der-seele.com\/?page_id=2273"},"modified":"2025-01-16T12:10:20","modified_gmt":"2025-01-16T12:10:20","slug":"uebernatuerliche-phaenomene","status":"publish","type":"page","link":"https:\/\/heilung-der-seele.com\/es\/uebernatuerliche-phaenomene\/","title":{"rendered":"Fen\u00f3menos sobrenaturales - Obsesi\u00f3n"},"content":{"rendered":"<div class=\"wp-block-uagb-container uagb-block-019a0d24 alignfull uagb-is-root-container\"><div class=\"uagb-container-inner-blocks-wrap\">\n<figure class=\"wp-block-image size-full is-resized\"><img loading=\"lazy\" decoding=\"async\" width=\"395\" height=\"263\" src=\"http:\/\/heilung-der-seele.com\/wp-content\/uploads\/2024\/09\/Obsession.jpg\" alt=\"\" class=\"wp-image-2278\" style=\"width:440px;height:auto\" srcset=\"https:\/\/heilung-der-seele.com\/wp-content\/uploads\/2024\/09\/Obsession.jpg 395w, https:\/\/heilung-der-seele.com\/wp-content\/uploads\/2024\/09\/Obsession-300x200.jpg 300w\" sizes=\"auto, (max-width: 395px) 100vw, 395px\" \/><\/figure>\n<\/div><\/div>\n\n\n\n<div class=\"wp-block-uagb-container uagb-block-87bb32dd alignfull uagb-is-root-container\"><div class=\"uagb-container-inner-blocks-wrap\">\n<p>Para muchos, la muerte puede definirse como la \u00faltima etapa de nuestras vidas, para otros es el final de un ciclo y el comienzo de uno nuevo. Los fen\u00f3menos sobrenaturales tambi\u00e9n est\u00e1n estrechamente relacionados con este tema. Si bien es cierto que cada visi\u00f3n refleja los aspectos culturales, sociales y religiosos que conforman a cada individuo, hay vida despu\u00e9s de la muerte independientemente de la postura que se adopte.<\/p>\n\n\n\n<p>Los esp\u00edritus son almas que una vez fueron seres humanos, pero que tras desprenderse de su cuerpo f\u00edsico no se dieron cuenta de que ya no pertenecen a la Tierra. Los esp\u00edritus imperfectos pueden causar experiencias muy desagradables, incluso tr\u00e1gicas. Muchas personas intentan encontrar una soluci\u00f3n en su propia psique, pero esta b\u00fasqueda suele ser en vano. En la mayor\u00eda de los casos, los ex\u00e1menes m\u00e9dicos no revelan ninguna enfermedad o, a menudo, los diagn\u00f3sticos son err\u00f3neos.<\/p>\n\n\n\n<p>Algunas personas son m\u00e1s susceptibles a los esp\u00edritus obsesivos que otras. Hay muchas formas de atraer inconscientemente a estos esp\u00edritus. Estos esp\u00edritus se alimentan de emociones negativas como la ira, el odio, los celos, la autocompasi\u00f3n, el miedo y similares. Cuando experimentan emociones negativas fuertes (por ejemplo, la muerte de un ser querido, una lesi\u00f3n f\u00edsica, una enfermedad, la p\u00e9rdida del trabajo, etc.). El alcohol, las sustancias o la adicci\u00f3n en general tambi\u00e9n los atraen. Las personas que proceden de familias con relaciones disfuncionales tambi\u00e9n suelen ser m\u00e1s vulnerables. \u00c9stas son s\u00f3lo algunas de las muchas posibilidades.<\/p>\n\n\n\n<p>Los siguientes s\u00edntomas y manifestaciones pueden indicar la influencia de estos esp\u00edritus:<\/p>\n\n\n\n<ul class=\"wp-block-list\">\n<li>Fuertes emociones negativas<\/li>\n\n\n\n<li>Ansiedad grave o similar al p\u00e1nico<\/li>\n\n\n\n<li>Depresi\u00f3n<\/li>\n\n\n\n<li>Pensamientos intrusivos \/ obsesivos<\/li>\n\n\n\n<li>Trastornos del sue\u00f1o, insomnio<\/li>\n\n\n\n<li>Percepci\u00f3n de olores que ninguna otra persona implicada percibe<\/li>\n\n\n\n<li>Percepci\u00f3n de pasos sin un origen explicable<\/li>\n\n\n\n<li>Gegenst\u00e4nde die umgeworfen, geschmissen oder bewegt werden (z.B. T\u00fcren, Fenster, Schubl\u00e4den, sonstige Gegenst\u00e4nde)<\/li>\n\n\n\n<li>Golpes en la habitaci\u00f3n, apartamento o casa<\/li>\n\n\n\n<li>Adicciones de todo tipo<\/li>\n\n\n\n<li>La sensaci\u00f3n de ser observado, tocado o incluso violado<\/li>\n<\/ul>\n\n\n\n<p>En t\u00e9rminos generales, la obsesi\u00f3n espiritual implica una interferencia en la mente, los pensamientos, las emociones o las acciones de la persona obsesionada por parte de un esp\u00edritu desencarnado. Esta interferencia puede ser consciente o inconsciente, dependiendo de la situaci\u00f3n. Las causas de la obsesi\u00f3n espiritual pueden variar y pueden estar relacionadas con v\u00ednculos k\u00e1rmicos, afinidades espirituales o incluso el estado mental y emocional de la persona en la tierra.<\/p>\n\n\n\n<p>La obsesi\u00f3n espiritual puede tener efectos perjudiciales en la vida de la persona afectada, incluyendo cambios en su comportamiento, pensamientos negativos, impulsos destructivos, estados emocionales desequilibrados y, en casos graves, la p\u00e9rdida de su libre albedr\u00edo.<\/p>\n\n\n\n<p>Es importante destacar que, seg\u00fan la doctrina esp\u00edrita, la obsesi\u00f3n espiritual no es un castigo divino ni una posesi\u00f3n demon\u00edaca, sino m\u00e1s bien una manifestaci\u00f3n de desequilibrio espiritual que puede ser tratada y superada a trav\u00e9s de la ayuda de m\u00e9diums, terapeutas espirituales y la aplicaci\u00f3n de principios espirituales, como la caridad y la elevaci\u00f3n espiritual. La obsesi\u00f3n espiritual es vista como una oportunidad de aprendizaje y crecimiento espiritual tanto para la persona afectada como para los esp\u00edritus involucrados.<\/p>\n\n\n\n<p>Los tres grados de obsesi\u00f3n:<\/p>\n\n\n\n<p><strong>Obsesi\u00f3n Simple:<\/strong><\/p>\n\n\n\n<p>La obsesi\u00f3n simple es la influencia o interferencia de esp\u00edritus desencarnados en la mente de una persona, que puede ser m\u00e1s o menos intensa. En este tipo de obsesi\u00f3n, los esp\u00edritus pueden influir en los pensamientos, emociones y acciones del individuo sin que este \u00faltimo sea plenamente consciente de ello. Pueden ser pensamientos intrusivos o impulsos negativos que no est\u00e1n en consonancia con la personalidad o los valores de la persona. La obsesi\u00f3n simple generalmente no implica un control completo sobre el individuo y puede variar en intensidad.<\/p>\n\n\n\n<p><strong>Fascinaci\u00f3n:<\/strong><\/p>\n\n\n\n<p>La fascinaci\u00f3n es un tipo de obsesi\u00f3n espiritual m\u00e1s intensa y perjudicial. En este caso, un esp\u00edritu desencarnado ejerce un control m\u00e1s fuerte sobre la mente y las acciones de la persona obsesionada. La v\u00edctima puede volverse completamente dominada por la influencia del esp\u00edritu obsesor, perdiendo su libre albedr\u00edo y capacidad de tomar decisiones. Esto puede llevar a la persona a actuar de manera impulsiva y autodestructiva, y a menudo es necesario el apoyo de un m\u00e9dium o un especialista en desobsesi\u00f3n espiritual para ayudar en la liberaci\u00f3n.<\/p>\n\n\n\n<p><strong>Subjugaci\u00f3n:<\/strong><\/p>\n\n\n\n<p>La subjugaci\u00f3n es el tipo m\u00e1s grave de obsesi\u00f3n espiritual. En este caso, un esp\u00edritu desencarnado ejerce un control total sobre la v\u00edctima, suprimiendo por completo su voluntad y personalidad. La persona subyugada act\u00faa como un t\u00edtere en manos del esp\u00edritu obsesor y puede realizar actos extremadamente perjudiciales para s\u00ed misma y para los dem\u00e1s. La subjugaci\u00f3n es un estado peligroso y requiere una intervenci\u00f3n espiritual especializada para liberar a la persona de la influencia del esp\u00edritu obsesor.<\/p>\n\n\n\n<p><\/p>\n\n\n\n<p>Si se encuentra en una situaci\u00f3n a la que no puede enfrentarse por s\u00ed mismo, puede ponerse en contacto con nosotros.<\/p>\n<\/div><\/div>\n\n\n\n<div class=\"wp-block-uagb-container uagb-block-883383cd alignfull uagb-is-root-container\"><div class=\"uagb-container-inner-blocks-wrap\"><\/div><\/div>\n\n\n\n<div class=\"wp-block-uagb-container uagb-block-5a05dc9e alignfull uagb-is-root-container\"><div class=\"uagb-container-inner-blocks-wrap\">\n<p><\/p>\n\n\n\n<p><\/p>\n\n\n\n<p><\/p>\n<\/div><\/div>\n\n\n\n<div class=\"wp-block-uagb-container uagb-block-84948b5b alignfull uagb-is-root-container\"><div class=\"uagb-container-inner-blocks-wrap\">\n<ul class=\"wp-block-social-links aligncenter is-layout-flex wp-block-social-links-is-layout-flex\"><li class=\"wp-social-link wp-social-link-facebook  wp-block-social-link\"><a href=\"https:\/\/www.facebook.com\/groups\/528440421775182\" class=\"wp-block-social-link-anchor\"><svg width=\"24\" height=\"24\" viewbox=\"0 0 24 24\" version=\"1.1\" xmlns=\"http:\/\/www.w3.org\/2000\/svg\" aria-hidden=\"true\" focusable=\"false\"><path d=\"M12 2C6.5 2 2 6.5 2 12c0 5 3.7 9.1 8.4 9.9v-7H7.9V12h2.5V9.8c0-2.5 1.5-3.9 3.8-3.9 1.1 0 2.2.2 2.2.2v2.5h-1.3c-1.2 0-1.6.8-1.6 1.6V12h2.8l-.4 2.9h-2.3v7C18.3 21.1 22 17 22 12c0-5.5-4.5-10-10-10z\"><\/path><\/svg><span class=\"wp-block-social-link-label screen-reader-text\">Facebook<\/span><\/a><\/li><\/ul>\n<\/div><\/div>\n\n\n\n<div class=\"wp-block-uagb-container uagb-block-33efbaff alignfull uagb-is-root-container\"><div class=\"uagb-container-inner-blocks-wrap\"><\/div><\/div>\n\n\n\n<div class=\"wp-block-uagb-container uagb-block-1ea13bd4 alignfull uagb-is-root-container\"><div class=\"uagb-container-inner-blocks-wrap\"><\/div><\/div>\n\n\n\n<div class=\"wp-block-uagb-container uagb-block-a06ed71d alignfull uagb-is-root-container\"><div class=\"uagb-container-inner-blocks-wrap\"><\/div><\/div>","protected":false},"excerpt":{"rendered":"<p>F\u00fcr viele kann der Tod als der letzte Abschnitt unseres Lebens definiert werden, f\u00fcr andere ist er das Ende eines Zyklus und der Beginn eines neuen. \u00dcbernat\u00fcrliche Ph\u00e4nomene sind ebenfalls eng mit dieser Thematik verbunden. Es stimmt zwar, dass jede Sichtweise die kulturellen, sozialen und religi\u00f6sen Aspekte widerspiegelt, die jeden Einzelnen ausmachen, doch unabh\u00e4ngig von [&hellip;]<\/p>","protected":false},"author":1,"featured_media":2278,"parent":0,"menu_order":0,"comment_status":"closed","ping_status":"closed","template":"","meta":{"_uag_custom_page_level_css":"","site-sidebar-layout":"default","site-content-layout":"","ast-site-content-layout":"default","site-content-style":"default","site-sidebar-style":"default","ast-global-header-display":"","ast-banner-title-visibility":"","ast-main-header-display":"","ast-hfb-above-header-display":"","ast-hfb-below-header-display":"","ast-hfb-mobile-header-display":"","site-post-title":"","ast-breadcrumbs-content":"","ast-featured-img":"","footer-sml-layout":"","theme-transparent-header-meta":"","adv-header-id-meta":"","stick-header-meta":"","header-above-stick-meta":"","header-main-stick-meta":"","header-below-stick-meta":"","astra-migrate-meta-layouts":"set","ast-page-background-enabled":"default","ast-page-background-meta":{"desktop":{"background-color":"var(--ast-global-color-4)","background-image":"","background-repeat":"repeat","background-position":"center center","background-size":"auto","background-attachment":"scroll","background-type":"","background-media":"","overlay-type":"","overlay-color":"","overlay-opacity":"","overlay-gradient":""},"tablet":{"background-color":"","background-image":"","background-repeat":"repeat","background-position":"center center","background-size":"auto","background-attachment":"scroll","background-type":"","background-media":"","overlay-type":"","overlay-color":"","overlay-opacity":"","overlay-gradient":""},"mobile":{"background-color":"","background-image":"","background-repeat":"repeat","background-position":"center center","background-size":"auto","background-attachment":"scroll","background-type":"","background-media":"","overlay-type":"","overlay-color":"","overlay-opacity":"","overlay-gradient":""}},"ast-content-background-meta":{"desktop":{"background-color":"var(--ast-global-color-5)","background-image":"","background-repeat":"repeat","background-position":"center center","background-size":"auto","background-attachment":"scroll","background-type":"","background-media":"","overlay-type":"","overlay-color":"","overlay-opacity":"","overlay-gradient":""},"tablet":{"background-color":"var(--ast-global-color-5)","background-image":"","background-repeat":"repeat","background-position":"center center","background-size":"auto","background-attachment":"scroll","background-type":"","background-media":"","overlay-type":"","overlay-color":"","overlay-opacity":"","overlay-gradient":""},"mobile":{"background-color":"var(--ast-global-color-5)","background-image":"","background-repeat":"repeat","background-position":"center center","background-size":"auto","background-attachment":"scroll","background-type":"","background-media":"","overlay-type":"","overlay-color":"","overlay-opacity":"","overlay-gradient":""}},"footnotes":""},"class_list":["post-2273","page","type-page","status-publish","has-post-thumbnail","hentry"],"yoast_head":"<!-- This site is optimized with the Yoast SEO Premium plugin v24.0 (Yoast SEO v24.0) - https:\/\/yoast.com\/wordpress\/plugins\/seo\/ -->\n<title>\u00dcbernat\u00fcrliche Ph\u00e4nomene - Obsession - Heilung der Seele<\/title>\n<meta name=\"description\" content=\"Entdecken Sie die Welt der geistigen Ph\u00e4nomene und erfahren Sie, warum einige Menschen anf\u00e4lliger sind als andere.\" \/>\n<meta name=\"robots\" content=\"index, follow, max-snippet:-1, max-image-preview:large, max-video-preview:-1\" \/>\n<link rel=\"canonical\" href=\"https:\/\/heilung-der-seele.com\/es\/uebernatuerliche-phaenomene\/\" \/>\n<meta property=\"og:locale\" content=\"es_ES\" \/>\n<meta property=\"og:type\" content=\"article\" \/>\n<meta property=\"og:title\" content=\"\u00dcbernat\u00fcrliche Ph\u00e4nomene - Obsession\" \/>\n<meta property=\"og:description\" content=\"Entdecken Sie die Welt der geistigen Ph\u00e4nomene und erfahren Sie, warum einige Menschen anf\u00e4lliger sind als andere.\" \/>\n<meta property=\"og:url\" content=\"https:\/\/heilung-der-seele.com\/es\/uebernatuerliche-phaenomene\/\" \/>\n<meta property=\"og:site_name\" content=\"Heilung der Seele\" \/>\n<meta property=\"article:publisher\" content=\"https:\/\/www.facebook.com\/share\/g\/yAkbgrQRiPpBZyxo\/?mibextid=K35XfP\" \/>\n<meta property=\"article:modified_time\" content=\"2025-01-16T12:10:20+00:00\" \/>\n<meta property=\"og:image\" content=\"https:\/\/heilung-der-seele.com\/wp-content\/uploads\/2024\/09\/Obsession.jpg\" \/>\n\t<meta property=\"og:image:width\" content=\"395\" \/>\n\t<meta property=\"og:image:height\" content=\"263\" \/>\n\t<meta property=\"og:image:type\" content=\"image\/jpeg\" \/>\n<meta name=\"twitter:card\" content=\"summary_large_image\" \/>\n<meta name=\"twitter:label1\" content=\"Tiempo de lectura\" \/>\n\t<meta name=\"twitter:data1\" content=\"5 minutos\" \/>\n<script type=\"application\/ld+json\" class=\"yoast-schema-graph\">{\"@context\":\"https:\/\/schema.org\",\"@graph\":[{\"@type\":\"WebPage\",\"@id\":\"https:\/\/heilung-der-seele.com\/uebernatuerliche-phaenomene\/\",\"url\":\"https:\/\/heilung-der-seele.com\/uebernatuerliche-phaenomene\/\",\"name\":\"\u00dcbernat\u00fcrliche Ph\u00e4nomene - Obsession - Heilung der Seele\",\"isPartOf\":{\"@id\":\"https:\/\/heilung-der-seele.com\/#website\"},\"primaryImageOfPage\":{\"@id\":\"https:\/\/heilung-der-seele.com\/uebernatuerliche-phaenomene\/#primaryimage\"},\"image\":{\"@id\":\"https:\/\/heilung-der-seele.com\/uebernatuerliche-phaenomene\/#primaryimage\"},\"thumbnailUrl\":\"https:\/\/heilung-der-seele.com\/wp-content\/uploads\/2024\/09\/Obsession.jpg\",\"datePublished\":\"2024-09-29T10:16:51+00:00\",\"dateModified\":\"2025-01-16T12:10:20+00:00\",\"description\":\"Entdecken Sie die Welt der geistigen Ph\u00e4nomene und erfahren Sie, warum einige Menschen anf\u00e4lliger sind als andere.\",\"breadcrumb\":{\"@id\":\"https:\/\/heilung-der-seele.com\/uebernatuerliche-phaenomene\/#breadcrumb\"},\"inLanguage\":\"es\",\"potentialAction\":[{\"@type\":\"ReadAction\",\"target\":[\"https:\/\/heilung-der-seele.com\/uebernatuerliche-phaenomene\/\"]}]},{\"@type\":\"ImageObject\",\"inLanguage\":\"es\",\"@id\":\"https:\/\/heilung-der-seele.com\/uebernatuerliche-phaenomene\/#primaryimage\",\"url\":\"https:\/\/heilung-der-seele.com\/wp-content\/uploads\/2024\/09\/Obsession.jpg\",\"contentUrl\":\"https:\/\/heilung-der-seele.com\/wp-content\/uploads\/2024\/09\/Obsession.jpg\",\"width\":395,\"height\":263},{\"@type\":\"BreadcrumbList\",\"@id\":\"https:\/\/heilung-der-seele.com\/uebernatuerliche-phaenomene\/#breadcrumb\",\"itemListElement\":[{\"@type\":\"ListItem\",\"position\":1,\"name\":\"Startseite\",\"item\":\"https:\/\/heilung-der-seele.com\/\"},{\"@type\":\"ListItem\",\"position\":2,\"name\":\"\u00dcbernat\u00fcrliche Ph\u00e4nomene &#8211; Obsession\"}]},{\"@type\":\"WebSite\",\"@id\":\"https:\/\/heilung-der-seele.com\/#website\",\"url\":\"https:\/\/heilung-der-seele.com\/\",\"name\":\"Heilung der Seele\",\"description\":\"\",\"publisher\":{\"@id\":\"https:\/\/heilung-der-seele.com\/#organization\"},\"potentialAction\":[{\"@type\":\"SearchAction\",\"target\":{\"@type\":\"EntryPoint\",\"urlTemplate\":\"https:\/\/heilung-der-seele.com\/?s={search_term_string}\"},\"query-input\":{\"@type\":\"PropertyValueSpecification\",\"valueRequired\":true,\"valueName\":\"search_term_string\"}}],\"inLanguage\":\"es\"},{\"@type\":\"Organization\",\"@id\":\"https:\/\/heilung-der-seele.com\/#organization\",\"name\":\"Heilung der Seele\",\"url\":\"https:\/\/heilung-der-seele.com\/\",\"logo\":{\"@type\":\"ImageObject\",\"inLanguage\":\"es\",\"@id\":\"https:\/\/heilung-der-seele.com\/#\/schema\/logo\/image\/\",\"url\":\"https:\/\/heilung-der-seele.com\/wp-content\/uploads\/2024\/09\/LOGO.png\",\"contentUrl\":\"https:\/\/heilung-der-seele.com\/wp-content\/uploads\/2024\/09\/LOGO.png\",\"width\":1563,\"height\":1563,\"caption\":\"Heilung der Seele\"},\"image\":{\"@id\":\"https:\/\/heilung-der-seele.com\/#\/schema\/logo\/image\/\"},\"sameAs\":[\"https:\/\/www.facebook.com\/share\/g\/yAkbgrQRiPpBZyxo\/?mibextid=K35XfP\"]}]}<\/script>\n<!-- \/ Yoast SEO Premium plugin. -->","yoast_head_json":{"title":"\u00dcbernat\u00fcrliche Ph\u00e4nomene - Obsession - Heilung der Seele","description":"Entdecken Sie die Welt der geistigen Ph\u00e4nomene und erfahren Sie, warum einige Menschen anf\u00e4lliger sind als andere.","robots":{"index":"index","follow":"follow","max-snippet":"max-snippet:-1","max-image-preview":"max-image-preview:large","max-video-preview":"max-video-preview:-1"},"canonical":"https:\/\/heilung-der-seele.com\/es\/uebernatuerliche-phaenomene\/","og_locale":"es_ES","og_type":"article","og_title":"\u00dcbernat\u00fcrliche Ph\u00e4nomene - Obsession","og_description":"Entdecken Sie die Welt der geistigen Ph\u00e4nomene und erfahren Sie, warum einige Menschen anf\u00e4lliger sind als andere.","og_url":"https:\/\/heilung-der-seele.com\/es\/uebernatuerliche-phaenomene\/","og_site_name":"Heilung der Seele","article_publisher":"https:\/\/www.facebook.com\/share\/g\/yAkbgrQRiPpBZyxo\/?mibextid=K35XfP","article_modified_time":"2025-01-16T12:10:20+00:00","og_image":[{"width":395,"height":263,"url":"https:\/\/heilung-der-seele.com\/wp-content\/uploads\/2024\/09\/Obsession.jpg","type":"image\/jpeg"}],"twitter_card":"summary_large_image","twitter_misc":{"Tiempo de lectura":"5 minutos"},"schema":{"@context":"https:\/\/schema.org","@graph":[{"@type":"WebPage","@id":"https:\/\/heilung-der-seele.com\/uebernatuerliche-phaenomene\/","url":"https:\/\/heilung-der-seele.com\/uebernatuerliche-phaenomene\/","name":"\u00dcbernat\u00fcrliche Ph\u00e4nomene - Obsession - Heilung der Seele","isPartOf":{"@id":"https:\/\/heilung-der-seele.com\/#website"},"primaryImageOfPage":{"@id":"https:\/\/heilung-der-seele.com\/uebernatuerliche-phaenomene\/#primaryimage"},"image":{"@id":"https:\/\/heilung-der-seele.com\/uebernatuerliche-phaenomene\/#primaryimage"},"thumbnailUrl":"https:\/\/heilung-der-seele.com\/wp-content\/uploads\/2024\/09\/Obsession.jpg","datePublished":"2024-09-29T10:16:51+00:00","dateModified":"2025-01-16T12:10:20+00:00","description":"Entdecken Sie die Welt der geistigen Ph\u00e4nomene und erfahren Sie, warum einige Menschen anf\u00e4lliger sind als andere.","breadcrumb":{"@id":"https:\/\/heilung-der-seele.com\/uebernatuerliche-phaenomene\/#breadcrumb"},"inLanguage":"es","potentialAction":[{"@type":"ReadAction","target":["https:\/\/heilung-der-seele.com\/uebernatuerliche-phaenomene\/"]}]},{"@type":"ImageObject","inLanguage":"es","@id":"https:\/\/heilung-der-seele.com\/uebernatuerliche-phaenomene\/#primaryimage","url":"https:\/\/heilung-der-seele.com\/wp-content\/uploads\/2024\/09\/Obsession.jpg","contentUrl":"https:\/\/heilung-der-seele.com\/wp-content\/uploads\/2024\/09\/Obsession.jpg","width":395,"height":263},{"@type":"BreadcrumbList","@id":"https:\/\/heilung-der-seele.com\/uebernatuerliche-phaenomene\/#breadcrumb","itemListElement":[{"@type":"ListItem","position":1,"name":"Startseite","item":"https:\/\/heilung-der-seele.com\/"},{"@type":"ListItem","position":2,"name":"\u00dcbernat\u00fcrliche Ph\u00e4nomene &#8211; Obsession"}]},{"@type":"WebSite","@id":"https:\/\/heilung-der-seele.com\/#website","url":"https:\/\/heilung-der-seele.com\/","name":"Heilung der Seele","description":"","publisher":{"@id":"https:\/\/heilung-der-seele.com\/#organization"},"potentialAction":[{"@type":"SearchAction","target":{"@type":"EntryPoint","urlTemplate":"https:\/\/heilung-der-seele.com\/?s={search_term_string}"},"query-input":{"@type":"PropertyValueSpecification","valueRequired":true,"valueName":"search_term_string"}}],"inLanguage":"es"},{"@type":"Organization","@id":"https:\/\/heilung-der-seele.com\/#organization","name":"Heilung der Seele","url":"https:\/\/heilung-der-seele.com\/","logo":{"@type":"ImageObject","inLanguage":"es","@id":"https:\/\/heilung-der-seele.com\/#\/schema\/logo\/image\/","url":"https:\/\/heilung-der-seele.com\/wp-content\/uploads\/2024\/09\/LOGO.png","contentUrl":"https:\/\/heilung-der-seele.com\/wp-content\/uploads\/2024\/09\/LOGO.png","width":1563,"height":1563,"caption":"Heilung der Seele"},"image":{"@id":"https:\/\/heilung-der-seele.com\/#\/schema\/logo\/image\/"},"sameAs":["https:\/\/www.facebook.com\/share\/g\/yAkbgrQRiPpBZyxo\/?mibextid=K35XfP"]}]}},"jetpack_sharing_enabled":true,"uagb_featured_image_src":{"full":["https:\/\/heilung-der-seele.com\/wp-content\/uploads\/2024\/09\/Obsession.jpg",395,263,false],"thumbnail":["https:\/\/heilung-der-seele.com\/wp-content\/uploads\/2024\/09\/Obsession-150x150.jpg",150,150,true],"medium":["https:\/\/heilung-der-seele.com\/wp-content\/uploads\/2024\/09\/Obsession-300x200.jpg",300,200,true],"medium_large":["https:\/\/heilung-der-seele.com\/wp-content\/uploads\/2024\/09\/Obsession.jpg",395,263,false],"large":["https:\/\/heilung-der-seele.com\/wp-content\/uploads\/2024\/09\/Obsession.jpg",395,263,false],"1536x1536":["https:\/\/heilung-der-seele.com\/wp-content\/uploads\/2024\/09\/Obsession.jpg",395,263,false],"2048x2048":["https:\/\/heilung-der-seele.com\/wp-content\/uploads\/2024\/09\/Obsession.jpg",395,263,false],"trp-custom-language-flag":["https:\/\/heilung-der-seele.com\/wp-content\/uploads\/2024\/09\/Obsession.jpg",18,12,false]},"uagb_author_info":{"display_name":"fljwi","author_link":"https:\/\/heilung-der-seele.com\/es\/author\/fljwi\/"},"uagb_comment_info":0,"uagb_excerpt":"F\u00fcr viele kann der Tod als der letzte Abschnitt unseres Lebens definiert werden, f\u00fcr andere ist er das Ende eines Zyklus und der Beginn eines neuen. \u00dcbernat\u00fcrliche Ph\u00e4nomene sind ebenfalls eng mit dieser Thematik verbunden. Es stimmt zwar, dass jede Sichtweise die kulturellen, sozialen und religi\u00f6sen Aspekte widerspiegelt, die jeden Einzelnen ausmachen, doch unabh\u00e4ngig von&hellip;","_links":{"self":[{"href":"https:\/\/heilung-der-seele.com\/es\/wp-json\/wp\/v2\/pages\/2273","targetHints":{"allow":["GET"]}}],"collection":[{"href":"https:\/\/heilung-der-seele.com\/es\/wp-json\/wp\/v2\/pages"}],"about":[{"href":"https:\/\/heilung-der-seele.com\/es\/wp-json\/wp\/v2\/types\/page"}],"author":[{"embeddable":true,"href":"https:\/\/heilung-der-seele.com\/es\/wp-json\/wp\/v2\/users\/1"}],"replies":[{"embeddable":true,"href":"https:\/\/heilung-der-seele.com\/es\/wp-json\/wp\/v2\/comments?post=2273"}],"version-history":[{"count":7,"href":"https:\/\/heilung-der-seele.com\/es\/wp-json\/wp\/v2\/pages\/2273\/revisions"}],"predecessor-version":[{"id":2507,"href":"https:\/\/heilung-der-seele.com\/es\/wp-json\/wp\/v2\/pages\/2273\/revisions\/2507"}],"wp:featuredmedia":[{"embeddable":true,"href":"https:\/\/heilung-der-seele.com\/es\/wp-json\/wp\/v2\/media\/2278"}],"wp:attachment":[{"href":"https:\/\/heilung-der-seele.com\/es\/wp-json\/wp\/v2\/media?parent=2273"}],"curies":[{"name":"wp","href":"https:\/\/api.w.org\/{rel}","templated":true}]}}