{"id":1324,"date":"2024-09-29T08:39:27","date_gmt":"2024-09-29T08:39:27","guid":{"rendered":"http:\/\/heilung-der-seele.com\/about\/"},"modified":"2025-01-16T11:54:15","modified_gmt":"2025-01-16T11:54:15","slug":"ueber-uns","status":"publish","type":"page","link":"https:\/\/heilung-der-seele.com\/es\/ueber-uns\/","title":{"rendered":"Qui\u00e9nes somos"},"content":{"rendered":"<div class=\"wp-block-uagb-container uagb-block-656d81d1 alignfull uagb-is-root-container\"><div class=\"uagb-container-inner-blocks-wrap\">\n<p class=\"has-text-align-center has-black-color has-ast-global-color-5-background-color has-text-color has-background has-link-color has-medium-font-size wp-elements-0c9823560f08178d757b4335c21f3bd1\">Qui\u00e9nes somos<\/p>\n<\/div><\/div>\n\n\n\n<p class=\"has-text-align-center has-black-color has-text-color has-link-color has-large-font-size wp-elements-4f6767220409ee18927dc61627dba27c\"><\/p>\n\n\n\n<p><\/p>\n\n\n\n<p><\/p>\n\n\n\n<p><\/p>\n\n\n\n<p class=\"has-text-align-center has-black-color has-text-color has-link-color has-large-font-size wp-elements-4f6767220409ee18927dc61627dba27c\"><\/p>\n\n\n\n<p><\/p>\n\n\n\n<div class=\"wp-block-uagb-container uagb-block-c092c078 alignfull uagb-is-root-container\"><div class=\"uagb-container-inner-blocks-wrap\">\n<div class=\"wp-block-uagb-container uagb-block-00ece48e\">\n<figure class=\"wp-block-image size-full is-resized\"><img loading=\"lazy\" decoding=\"async\" width=\"364\" height=\"533\" src=\"http:\/\/heilung-der-seele.com\/wp-content\/uploads\/2024\/09\/WhatsApp-Image-2024-09-29-at-14.45.45-2.jpeg\" alt=\"\" class=\"wp-image-2392\" style=\"width:200px\" srcset=\"https:\/\/heilung-der-seele.com\/wp-content\/uploads\/2024\/09\/WhatsApp-Image-2024-09-29-at-14.45.45-2.jpeg 364w, https:\/\/heilung-der-seele.com\/wp-content\/uploads\/2024\/09\/WhatsApp-Image-2024-09-29-at-14.45.45-2-205x300.jpeg 205w\" sizes=\"auto, (max-width: 364px) 100vw, 364px\" \/><\/figure>\n<\/div>\n\n\n\n<p>Yaimary Silvera Batista. Naci\u00f3 el 22 de junio 1975 en Holgu\u00edn. Conocida como Yaimy ve desde que tiene 4 a\u00f1os el mundo espiritual. A la edad de 6 a\u00f1os empez\u00f3 ver en vasos de agua, a los 9 a\u00f1os ella misma se sobaba y se curaba de malezas de est\u00f3mago y as\u00ed fue ayudando a los ni\u00f1os cur\u00e1ndolos del mal de ojo. A la edad de 10 a\u00f1os comenz\u00f3 a escribir por un espiritu maestro, donde se le explicaba la Doctrina Espirita. Ah\u00ed fue donde entendi\u00f3 que existe una codificaci\u00f3n de instrucci\u00f3n que hasta hoy todav\u00eda no la ha le\u00eddo, porque sab\u00eda su contenido. A los 14 a\u00f1os empez\u00f3 a tranzar esp\u00edritus y as\u00ed sigui\u00f3 su Misi\u00f3n. Hasta el d\u00eda de hoy dirige su maravilloso campo espiritual en Holgu\u00edn\/Cuba. Desde la distancia lo puede dirigir.<\/p>\n\n\n\n<p><strong>Facultades medi\u00famnicas: <\/strong><\/p>\n\n\n\n<ul class=\"wp-block-list\">\n<li>M\u00e9dium vidente (son aquellos que ven a los esp\u00edritus en estado despierto).<\/li>\n\n\n\n<li>M\u00e9dium auditivo (son aquellos que oyen a los esp\u00edritus).<\/li>\n\n\n\n<li>M\u00e9dium parlante\/ m\u00e9dium de trance (aquellos que hablan bajo la influencia de los esp\u00edritus).<\/li>\n\n\n\n<li>M\u00e9diums sensitivo (capaces de percibir la presencia de los esp\u00edritus a trav\u00e9s de una impresi\u00f3n general o local, indeterminada o material).<\/li>\n\n\n\n<li>M\u00e9dium psicogr\u00e1fico (aquellos que tienen la facultad de escribir bajo la influencia de los esp\u00edritus).<\/li>\n\n\n\n<li>M\u00e9dium de curaci\u00f3n (aquellos que tienen la facultad de curar o aliviar enfermedades mediante la imposici\u00f3n de manos o la oraci\u00f3n).<\/li>\n<\/ul>\n\n\n\n<p class=\"has-vivid-cyan-blue-color has-text-color has-link-color has-medium-font-size wp-elements-e3f7a3544a75f4612083bb2bc6fa65e6\">&#8222;<strong>Solo la F\u00e9, el Amor y la Humildad vence barreras. Bendiciones\"<\/strong><\/p>\n\n\n\n<p><\/p>\n\n\n\n<p><\/p>\n\n\n\n<div class=\"wp-block-uagb-container uagb-block-dd1c6842\">\n<div class=\"wp-block-uagb-container uagb-block-f7ca929e\"><\/div>\n<\/div>\n<\/div><\/div>\n\n\n\n<div class=\"wp-block-uagb-container uagb-block-380bc92b alignfull uagb-is-root-container\"><div class=\"uagb-container-inner-blocks-wrap\">\n<div class=\"wp-block-uagb-container uagb-block-a89179c2\">\n<figure class=\"wp-block-image size-full is-resized\"><img loading=\"lazy\" decoding=\"async\" width=\"960\" height=\"960\" src=\"http:\/\/heilung-der-seele.com\/wp-content\/uploads\/2024\/09\/Jose-Labrada-Silvera-1.jpg\" alt=\"\" class=\"wp-image-2387\" style=\"width:200px\" srcset=\"https:\/\/heilung-der-seele.com\/wp-content\/uploads\/2024\/09\/Jose-Labrada-Silvera-1.jpg 960w, https:\/\/heilung-der-seele.com\/wp-content\/uploads\/2024\/09\/Jose-Labrada-Silvera-1-300x300.jpg 300w, https:\/\/heilung-der-seele.com\/wp-content\/uploads\/2024\/09\/Jose-Labrada-Silvera-1-150x150.jpg 150w, https:\/\/heilung-der-seele.com\/wp-content\/uploads\/2024\/09\/Jose-Labrada-Silvera-1-768x768.jpg 768w\" sizes=\"auto, (max-width: 960px) 100vw, 960px\" \/><\/figure>\n<\/div>\n\n\n\n<p>Jos\u00e9 Fernando Labrada Silvera. Naci\u00f3 el 10 de enero 1996 en Holgu\u00edn. Hijo de Yaimary Silvera. Creci\u00f3 en una familia esp\u00edrita. Responsable del sitio web y de su contenido. Junto con su madre siguen con su Misi\u00f3n en Alemania, ayudando a los Hermanos que necesitan ayuda espiritual y desarrollo medi\u00famnico. As\u00ed contribuyen al movimiento esp\u00edrita en Europa.<\/p>\n\n\n\n<p><strong>Facultades medi\u00famnicas: <\/strong><\/p>\n\n\n\n<ul class=\"wp-block-list\">\n<li>M\u00e9dium parlante\/ m\u00e9dium de trance (aquellos que hablan bajo la influencia de los esp\u00edritus).<\/li>\n\n\n\n<li>M\u00e9dium psicogr\u00e1fico (aquellos que tienen la facultad de escribir bajo la influencia de los esp\u00edritus).<\/li>\n\n\n\n<li>M\u00e9dium de curaci\u00f3n (aquellos que tienen la facultad de curar o aliviar enfermedades mediante la imposici\u00f3n de manos o la oraci\u00f3n).<\/li>\n<\/ul>\n\n\n\n<p class=\"has-vivid-cyan-blue-color has-text-color has-link-color has-medium-font-size wp-elements-ad4e2bcb4d107df6c8e44b43775ccaa2\"><strong>\u201cNo somos seres humanos atravesando una experiencia espiritual; somos seres espirituales viviendo una experiencia humana\u201d<\/strong><\/p>\n<\/div><\/div>\n\n\n\n<div class=\"wp-block-uagb-container uagb-block-532fc5be alignfull uagb-is-root-container\"><div class=\"uagb-container-inner-blocks-wrap\"><\/div><\/div>\n\n\n\n<div class=\"wp-block-uagb-container uagb-block-180880ef alignfull uagb-is-root-container\"><div class=\"uagb-container-inner-blocks-wrap\"><\/div><\/div>\n\n\n\n<div class=\"wp-block-uagb-container uagb-block-32236d37 alignfull uagb-is-root-container\"><div class=\"uagb-container-inner-blocks-wrap\">\n<p><\/p>\n\n\n\n<p><\/p>\n\n\n\n<p><\/p>\n<\/div><\/div>\n\n\n\n<div class=\"wp-block-uagb-container uagb-block-a7b915da alignfull uagb-is-root-container\"><div class=\"uagb-container-inner-blocks-wrap\"><\/div><\/div>\n\n\n\n<div class=\"wp-block-uagb-container uagb-block-3d3d760d alignfull uagb-is-root-container\"><div class=\"uagb-container-inner-blocks-wrap\"><\/div><\/div>\n\n\n\n<div class=\"wp-block-uagb-container uagb-block-dd97797d alignfull uagb-is-root-container\"><div class=\"uagb-container-inner-blocks-wrap\"><\/div><\/div>\n\n\n\n<div class=\"wp-block-uagb-container uagb-block-1d80d67b alignfull uagb-is-root-container\"><div class=\"uagb-container-inner-blocks-wrap\">\n<ul class=\"wp-block-social-links aligncenter is-layout-flex wp-block-social-links-is-layout-flex\"><li class=\"wp-social-link wp-social-link-facebook  wp-block-social-link\"><a href=\"https:\/\/www.facebook.com\/groups\/528440421775182\" class=\"wp-block-social-link-anchor\"><svg width=\"24\" height=\"24\" viewbox=\"0 0 24 24\" version=\"1.1\" xmlns=\"http:\/\/www.w3.org\/2000\/svg\" aria-hidden=\"true\" focusable=\"false\"><path d=\"M12 2C6.5 2 2 6.5 2 12c0 5 3.7 9.1 8.4 9.9v-7H7.9V12h2.5V9.8c0-2.5 1.5-3.9 3.8-3.9 1.1 0 2.2.2 2.2.2v2.5h-1.3c-1.2 0-1.6.8-1.6 1.6V12h2.8l-.4 2.9h-2.3v7C18.3 21.1 22 17 22 12c0-5.5-4.5-10-10-10z\"><\/path><\/svg><span class=\"wp-block-social-link-label screen-reader-text\">Facebook<\/span><\/a><\/li><\/ul>\n<\/div><\/div>\n\n\n\n<div class=\"wp-block-uagb-container uagb-block-ac720afd alignfull uagb-is-root-container\"><div class=\"uagb-container-inner-blocks-wrap\"><\/div><\/div>\n\n\n\n<div class=\"wp-block-uagb-container uagb-block-e565b429 alignfull uagb-is-root-container\"><div class=\"uagb-container-inner-blocks-wrap\"><\/div><\/div>\n\n\n\n<div class=\"wp-block-uagb-container uagb-block-d023b8c9 alignfull uagb-is-root-container\"><div class=\"uagb-container-inner-blocks-wrap\"><\/div><\/div>","protected":false},"excerpt":{"rendered":"<p>\u00dcber uns Yaimary Silvera Batista. Geboren am 22. Juni 1975 in Holgu\u00edn. Bekannt als Yaimy, sieht sie die geistige Welt, seit ihrem 4. Lebensjahr. Im Alter von 6 Jahren begann sie, in Wassergl\u00e4sern die geistige Welt zu sehen, im Alter von 9 Jahren heilte sie sich selbst von jeglichen Magenbeschwerden. Im Alter von 10 Jahren [&hellip;]<\/p>","protected":false},"author":1,"featured_media":2397,"parent":0,"menu_order":0,"comment_status":"closed","ping_status":"closed","template":"","meta":{"_uag_custom_page_level_css":"","site-sidebar-layout":"no-sidebar","site-content-layout":"page-builder","ast-site-content-layout":"full-width-container","site-content-style":"unboxed","site-sidebar-style":"default","ast-global-header-display":"","ast-banner-title-visibility":"","ast-main-header-display":"","ast-hfb-above-header-display":"","ast-hfb-below-header-display":"","ast-hfb-mobile-header-display":"","site-post-title":"disabled","ast-breadcrumbs-content":"","ast-featured-img":"disabled","footer-sml-layout":"","theme-transparent-header-meta":"enabled","adv-header-id-meta":"","stick-header-meta":"","header-above-stick-meta":"","header-main-stick-meta":"","header-below-stick-meta":"","astra-migrate-meta-layouts":"set","ast-page-background-enabled":"default","ast-page-background-meta":{"desktop":{"background-color":"var(--ast-global-color-4)","background-image":"","background-repeat":"repeat","background-position":"center center","background-size":"auto","background-attachment":"scroll","background-type":"","background-media":"","overlay-type":"","overlay-color":"","overlay-opacity":"","overlay-gradient":""},"tablet":{"background-color":"","background-image":"","background-repeat":"repeat","background-position":"center center","background-size":"auto","background-attachment":"scroll","background-type":"","background-media":"","overlay-type":"","overlay-color":"","overlay-opacity":"","overlay-gradient":""},"mobile":{"background-color":"","background-image":"","background-repeat":"repeat","background-position":"center center","background-size":"auto","background-attachment":"scroll","background-type":"","background-media":"","overlay-type":"","overlay-color":"","overlay-opacity":"","overlay-gradient":""}},"ast-content-background-meta":{"desktop":{"background-color":"var(--ast-global-color-5)","background-image":"","background-repeat":"repeat","background-position":"center center","background-size":"auto","background-attachment":"scroll","background-type":"","background-media":"","overlay-type":"","overlay-color":"","overlay-opacity":"","overlay-gradient":""},"tablet":{"background-color":"var(--ast-global-color-5)","background-image":"","background-repeat":"repeat","background-position":"center center","background-size":"auto","background-attachment":"scroll","background-type":"","background-media":"","overlay-type":"","overlay-color":"","overlay-opacity":"","overlay-gradient":""},"mobile":{"background-color":"var(--ast-global-color-5)","background-image":"","background-repeat":"repeat","background-position":"center center","background-size":"auto","background-attachment":"scroll","background-type":"","background-media":"","overlay-type":"","overlay-color":"","overlay-opacity":"","overlay-gradient":""}},"footnotes":""},"class_list":["post-1324","page","type-page","status-publish","has-post-thumbnail","hentry"],"yoast_head":"<!-- This site is optimized with the Yoast SEO Premium plugin v24.0 (Yoast SEO v24.0) - https:\/\/yoast.com\/wordpress\/plugins\/seo\/ -->\n<title>\u00dcber uns - Heilung der Seele<\/title>\n<meta name=\"description\" content=\"Unsere Aufgabe als Spiritisten und Medien ist es, Menschen auf ihrem Weg zu innerem Frieden und spiritueller Entfaltung zu unterst\u00fctzen.\" \/>\n<meta name=\"robots\" content=\"index, follow, max-snippet:-1, max-image-preview:large, max-video-preview:-1\" \/>\n<link rel=\"canonical\" href=\"https:\/\/heilung-der-seele.com\/es\/ueber-uns\/\" \/>\n<meta property=\"og:locale\" content=\"es_ES\" \/>\n<meta property=\"og:type\" content=\"article\" \/>\n<meta property=\"og:title\" content=\"\u00dcber uns\" \/>\n<meta property=\"og:description\" content=\"Unsere Aufgabe als Spiritisten und Medien ist es, Menschen auf ihrem Weg zu innerem Frieden und spiritueller Entfaltung zu unterst\u00fctzen.\" \/>\n<meta property=\"og:url\" content=\"https:\/\/heilung-der-seele.com\/es\/ueber-uns\/\" \/>\n<meta property=\"og:site_name\" content=\"Heilung der Seele\" \/>\n<meta property=\"article:publisher\" content=\"https:\/\/www.facebook.com\/share\/g\/yAkbgrQRiPpBZyxo\/?mibextid=K35XfP\" \/>\n<meta property=\"article:modified_time\" content=\"2025-01-16T11:54:15+00:00\" \/>\n<meta property=\"og:image\" content=\"https:\/\/heilung-der-seele.com\/wp-content\/uploads\/2024\/09\/cropped-LOGO-1.png\" \/>\n\t<meta property=\"og:image:width\" content=\"512\" \/>\n\t<meta property=\"og:image:height\" content=\"512\" \/>\n\t<meta property=\"og:image:type\" content=\"image\/png\" \/>\n<meta name=\"twitter:card\" content=\"summary_large_image\" \/>\n<meta name=\"twitter:label1\" content=\"Tiempo de lectura\" \/>\n\t<meta name=\"twitter:data1\" content=\"3 minutos\" \/>\n<script type=\"application\/ld+json\" class=\"yoast-schema-graph\">{\"@context\":\"https:\/\/schema.org\",\"@graph\":[{\"@type\":\"WebPage\",\"@id\":\"https:\/\/heilung-der-seele.com\/ueber-uns\/\",\"url\":\"https:\/\/heilung-der-seele.com\/ueber-uns\/\",\"name\":\"\u00dcber uns - Heilung der Seele\",\"isPartOf\":{\"@id\":\"https:\/\/heilung-der-seele.com\/#website\"},\"primaryImageOfPage\":{\"@id\":\"https:\/\/heilung-der-seele.com\/ueber-uns\/#primaryimage\"},\"image\":{\"@id\":\"https:\/\/heilung-der-seele.com\/ueber-uns\/#primaryimage\"},\"thumbnailUrl\":\"https:\/\/heilung-der-seele.com\/wp-content\/uploads\/2024\/09\/cropped-LOGO-1.png\",\"datePublished\":\"2024-09-29T08:39:27+00:00\",\"dateModified\":\"2025-01-16T11:54:15+00:00\",\"description\":\"Unsere Aufgabe als Spiritisten und Medien ist es, Menschen auf ihrem Weg zu innerem Frieden und spiritueller Entfaltung zu unterst\u00fctzen.\",\"breadcrumb\":{\"@id\":\"https:\/\/heilung-der-seele.com\/ueber-uns\/#breadcrumb\"},\"inLanguage\":\"es\",\"potentialAction\":[{\"@type\":\"ReadAction\",\"target\":[\"https:\/\/heilung-der-seele.com\/ueber-uns\/\"]}]},{\"@type\":\"ImageObject\",\"inLanguage\":\"es\",\"@id\":\"https:\/\/heilung-der-seele.com\/ueber-uns\/#primaryimage\",\"url\":\"https:\/\/heilung-der-seele.com\/wp-content\/uploads\/2024\/09\/cropped-LOGO-1.png\",\"contentUrl\":\"https:\/\/heilung-der-seele.com\/wp-content\/uploads\/2024\/09\/cropped-LOGO-1.png\",\"width\":512,\"height\":512},{\"@type\":\"BreadcrumbList\",\"@id\":\"https:\/\/heilung-der-seele.com\/ueber-uns\/#breadcrumb\",\"itemListElement\":[{\"@type\":\"ListItem\",\"position\":1,\"name\":\"Startseite\",\"item\":\"https:\/\/heilung-der-seele.com\/\"},{\"@type\":\"ListItem\",\"position\":2,\"name\":\"\u00dcber uns\"}]},{\"@type\":\"WebSite\",\"@id\":\"https:\/\/heilung-der-seele.com\/#website\",\"url\":\"https:\/\/heilung-der-seele.com\/\",\"name\":\"Heilung der Seele\",\"description\":\"\",\"publisher\":{\"@id\":\"https:\/\/heilung-der-seele.com\/#organization\"},\"potentialAction\":[{\"@type\":\"SearchAction\",\"target\":{\"@type\":\"EntryPoint\",\"urlTemplate\":\"https:\/\/heilung-der-seele.com\/?s={search_term_string}\"},\"query-input\":{\"@type\":\"PropertyValueSpecification\",\"valueRequired\":true,\"valueName\":\"search_term_string\"}}],\"inLanguage\":\"es\"},{\"@type\":\"Organization\",\"@id\":\"https:\/\/heilung-der-seele.com\/#organization\",\"name\":\"Heilung der Seele\",\"url\":\"https:\/\/heilung-der-seele.com\/\",\"logo\":{\"@type\":\"ImageObject\",\"inLanguage\":\"es\",\"@id\":\"https:\/\/heilung-der-seele.com\/#\/schema\/logo\/image\/\",\"url\":\"https:\/\/heilung-der-seele.com\/wp-content\/uploads\/2024\/09\/LOGO.png\",\"contentUrl\":\"https:\/\/heilung-der-seele.com\/wp-content\/uploads\/2024\/09\/LOGO.png\",\"width\":1563,\"height\":1563,\"caption\":\"Heilung der Seele\"},\"image\":{\"@id\":\"https:\/\/heilung-der-seele.com\/#\/schema\/logo\/image\/\"},\"sameAs\":[\"https:\/\/www.facebook.com\/share\/g\/yAkbgrQRiPpBZyxo\/?mibextid=K35XfP\"]}]}<\/script>\n<!-- \/ Yoast SEO Premium plugin. -->","yoast_head_json":{"title":"\u00dcber uns - Heilung der Seele","description":"Unsere Aufgabe als Spiritisten und Medien ist es, Menschen auf ihrem Weg zu innerem Frieden und spiritueller Entfaltung zu unterst\u00fctzen.","robots":{"index":"index","follow":"follow","max-snippet":"max-snippet:-1","max-image-preview":"max-image-preview:large","max-video-preview":"max-video-preview:-1"},"canonical":"https:\/\/heilung-der-seele.com\/es\/ueber-uns\/","og_locale":"es_ES","og_type":"article","og_title":"\u00dcber uns","og_description":"Unsere Aufgabe als Spiritisten und Medien ist es, Menschen auf ihrem Weg zu innerem Frieden und spiritueller Entfaltung zu unterst\u00fctzen.","og_url":"https:\/\/heilung-der-seele.com\/es\/ueber-uns\/","og_site_name":"Heilung der Seele","article_publisher":"https:\/\/www.facebook.com\/share\/g\/yAkbgrQRiPpBZyxo\/?mibextid=K35XfP","article_modified_time":"2025-01-16T11:54:15+00:00","og_image":[{"width":512,"height":512,"url":"https:\/\/heilung-der-seele.com\/wp-content\/uploads\/2024\/09\/cropped-LOGO-1.png","type":"image\/png"}],"twitter_card":"summary_large_image","twitter_misc":{"Tiempo de lectura":"3 minutos"},"schema":{"@context":"https:\/\/schema.org","@graph":[{"@type":"WebPage","@id":"https:\/\/heilung-der-seele.com\/ueber-uns\/","url":"https:\/\/heilung-der-seele.com\/ueber-uns\/","name":"\u00dcber uns - Heilung der Seele","isPartOf":{"@id":"https:\/\/heilung-der-seele.com\/#website"},"primaryImageOfPage":{"@id":"https:\/\/heilung-der-seele.com\/ueber-uns\/#primaryimage"},"image":{"@id":"https:\/\/heilung-der-seele.com\/ueber-uns\/#primaryimage"},"thumbnailUrl":"https:\/\/heilung-der-seele.com\/wp-content\/uploads\/2024\/09\/cropped-LOGO-1.png","datePublished":"2024-09-29T08:39:27+00:00","dateModified":"2025-01-16T11:54:15+00:00","description":"Unsere Aufgabe als Spiritisten und Medien ist es, Menschen auf ihrem Weg zu innerem Frieden und spiritueller Entfaltung zu unterst\u00fctzen.","breadcrumb":{"@id":"https:\/\/heilung-der-seele.com\/ueber-uns\/#breadcrumb"},"inLanguage":"es","potentialAction":[{"@type":"ReadAction","target":["https:\/\/heilung-der-seele.com\/ueber-uns\/"]}]},{"@type":"ImageObject","inLanguage":"es","@id":"https:\/\/heilung-der-seele.com\/ueber-uns\/#primaryimage","url":"https:\/\/heilung-der-seele.com\/wp-content\/uploads\/2024\/09\/cropped-LOGO-1.png","contentUrl":"https:\/\/heilung-der-seele.com\/wp-content\/uploads\/2024\/09\/cropped-LOGO-1.png","width":512,"height":512},{"@type":"BreadcrumbList","@id":"https:\/\/heilung-der-seele.com\/ueber-uns\/#breadcrumb","itemListElement":[{"@type":"ListItem","position":1,"name":"Startseite","item":"https:\/\/heilung-der-seele.com\/"},{"@type":"ListItem","position":2,"name":"\u00dcber uns"}]},{"@type":"WebSite","@id":"https:\/\/heilung-der-seele.com\/#website","url":"https:\/\/heilung-der-seele.com\/","name":"Heilung der Seele","description":"","publisher":{"@id":"https:\/\/heilung-der-seele.com\/#organization"},"potentialAction":[{"@type":"SearchAction","target":{"@type":"EntryPoint","urlTemplate":"https:\/\/heilung-der-seele.com\/?s={search_term_string}"},"query-input":{"@type":"PropertyValueSpecification","valueRequired":true,"valueName":"search_term_string"}}],"inLanguage":"es"},{"@type":"Organization","@id":"https:\/\/heilung-der-seele.com\/#organization","name":"Heilung der Seele","url":"https:\/\/heilung-der-seele.com\/","logo":{"@type":"ImageObject","inLanguage":"es","@id":"https:\/\/heilung-der-seele.com\/#\/schema\/logo\/image\/","url":"https:\/\/heilung-der-seele.com\/wp-content\/uploads\/2024\/09\/LOGO.png","contentUrl":"https:\/\/heilung-der-seele.com\/wp-content\/uploads\/2024\/09\/LOGO.png","width":1563,"height":1563,"caption":"Heilung der Seele"},"image":{"@id":"https:\/\/heilung-der-seele.com\/#\/schema\/logo\/image\/"},"sameAs":["https:\/\/www.facebook.com\/share\/g\/yAkbgrQRiPpBZyxo\/?mibextid=K35XfP"]}]}},"jetpack_sharing_enabled":true,"uagb_featured_image_src":{"full":["https:\/\/heilung-der-seele.com\/wp-content\/uploads\/2024\/09\/cropped-LOGO-1.png",512,512,false],"thumbnail":["https:\/\/heilung-der-seele.com\/wp-content\/uploads\/2024\/09\/cropped-LOGO-1-150x150.png",150,150,true],"medium":["https:\/\/heilung-der-seele.com\/wp-content\/uploads\/2024\/09\/cropped-LOGO-1-300x300.png",300,300,true],"medium_large":["https:\/\/heilung-der-seele.com\/wp-content\/uploads\/2024\/09\/cropped-LOGO-1.png",512,512,false],"large":["https:\/\/heilung-der-seele.com\/wp-content\/uploads\/2024\/09\/cropped-LOGO-1.png",512,512,false],"1536x1536":["https:\/\/heilung-der-seele.com\/wp-content\/uploads\/2024\/09\/cropped-LOGO-1.png",512,512,false],"2048x2048":["https:\/\/heilung-der-seele.com\/wp-content\/uploads\/2024\/09\/cropped-LOGO-1.png",512,512,false],"trp-custom-language-flag":["https:\/\/heilung-der-seele.com\/wp-content\/uploads\/2024\/09\/cropped-LOGO-1.png",12,12,false]},"uagb_author_info":{"display_name":"fljwi","author_link":"https:\/\/heilung-der-seele.com\/es\/author\/fljwi\/"},"uagb_comment_info":0,"uagb_excerpt":"\u00dcber uns Yaimary Silvera Batista. Geboren am 22. Juni 1975 in Holgu\u00edn. Bekannt als Yaimy, sieht sie die geistige Welt, seit ihrem 4. Lebensjahr. Im Alter von 6 Jahren begann sie, in Wassergl\u00e4sern die geistige Welt zu sehen, im Alter von 9 Jahren heilte sie sich selbst von jeglichen Magenbeschwerden. Im Alter von 10 Jahren&hellip;","_links":{"self":[{"href":"https:\/\/heilung-der-seele.com\/es\/wp-json\/wp\/v2\/pages\/1324","targetHints":{"allow":["GET"]}}],"collection":[{"href":"https:\/\/heilung-der-seele.com\/es\/wp-json\/wp\/v2\/pages"}],"about":[{"href":"https:\/\/heilung-der-seele.com\/es\/wp-json\/wp\/v2\/types\/page"}],"author":[{"embeddable":true,"href":"https:\/\/heilung-der-seele.com\/es\/wp-json\/wp\/v2\/users\/1"}],"replies":[{"embeddable":true,"href":"https:\/\/heilung-der-seele.com\/es\/wp-json\/wp\/v2\/comments?post=1324"}],"version-history":[{"count":56,"href":"https:\/\/heilung-der-seele.com\/es\/wp-json\/wp\/v2\/pages\/1324\/revisions"}],"predecessor-version":[{"id":2472,"href":"https:\/\/heilung-der-seele.com\/es\/wp-json\/wp\/v2\/pages\/1324\/revisions\/2472"}],"wp:featuredmedia":[{"embeddable":true,"href":"https:\/\/heilung-der-seele.com\/es\/wp-json\/wp\/v2\/media\/2397"}],"wp:attachment":[{"href":"https:\/\/heilung-der-seele.com\/es\/wp-json\/wp\/v2\/media?parent=1324"}],"curies":[{"name":"wp","href":"https:\/\/api.w.org\/{rel}","templated":true}]}}